{"id":398,"date":"2021-08-19T12:11:04","date_gmt":"2021-08-19T12:11:04","guid":{"rendered":"https:\/\/billysfarmnieuw.beveiligdeserver.nl\/kontakt\/"},"modified":"2026-03-20T13:09:45","modified_gmt":"2026-03-20T12:09:45","slug":"kontakt-private-label-kekse-bio-vegane","status":"publish","type":"page","link":"https:\/\/billysfarm.nl\/de\/kontakt-private-label-kekse-bio-vegane\/","title":{"rendered":"Kontakt"},"content":{"rendered":"<p>[et_pb_section fb_built=&#8220;1&#8243; _builder_version=&#8220;4.16&#8243; _module_preset=&#8220;default&#8220; background_color=&#8220;#f9f9f9&#8243; global_colors_info=&#8220;{}&#8220;][et_pb_row _builder_version=&#8220;4.16&#8243; _module_preset=&#8220;default&#8220; global_colors_info=&#8220;{}&#8220;][et_pb_column type=&#8220;4_4&#8243; _builder_version=&#8220;4.16&#8243; _module_preset=&#8220;default&#8220; global_colors_info=&#8220;{}&#8220;][et_pb_text _builder_version=&#8220;4.16&#8243; _module_preset=&#8220;default&#8220; global_colors_info=&#8220;{}&#8220;]<\/p>\n<h3 style=\"text-align: center;\">Kontaktieren Sie Billy&#8217;s Farm<\/h3>\n<p>[\/et_pb_text][et_pb_divider _builder_version=&#8220;4.16&#8243; _module_preset=&#8220;default&#8220; width=&#8220;75%&#8220; module_alignment=&#8220;center&#8220; global_colors_info=&#8220;{}&#8220;][\/et_pb_divider][\/et_pb_column][\/et_pb_row][et_pb_row column_structure=&#8220;1_3,1_3,1_3&#8243; _builder_version=&#8220;4.16&#8243; _module_preset=&#8220;default&#8220; custom_padding=&#8220;13px|||||&#8220; global_colors_info=&#8220;{}&#8220;][et_pb_column type=&#8220;1_3&#8243; _builder_version=&#8220;4.16&#8243; _module_preset=&#8220;default&#8220; global_colors_info=&#8220;{}&#8220;][et_pb_text _builder_version=&#8220;4.24.2&#8243; _module_preset=&#8220;default&#8220; hover_enabled=&#8220;0&#8243; global_colors_info=&#8220;{}&#8220; sticky_enabled=&#8220;0&#8243;]<\/p>\n<p><strong>Verkaufsstelle oder Gro\u00dfh\u00e4ndler werden?<\/strong><\/p>\n<p>Wir sind st\u00e4ndig auf der Suche nach Verkaufsstellen und Gro\u00dfh\u00e4ndler. Im <a href=\"https:\/\/billysfarm.nl\/wp-content\/uploads\/2024\/04\/Folder_Billys-Farm_DE_2024-1.pdf\" title=\"Produktkatalog\" target=\"_blank\" rel=\"noopener noreferrer\">Online-Katalog<\/a> finden Sie n\u00fctzliche Informationen zu unserem Sortiment.<\/p>\n<p>All unsere Verpackungen sind in 4 Sprachen beschriftet: Niederl\u00e4ndisch, Englisch, Deutsch und Franz\u00f6sisch. Unser Produktions- verfahren ist so anpassungsf\u00e4hig, dass wir bei Billy\u2019s Farm auch kleine Mengen auf gemischten Paletten liefern k\u00f6nnen. Wir helfen Ihnen gerne weiter!<\/p>\n<p>[\/et_pb_text][\/et_pb_column][et_pb_column type=&#8220;1_3&#8243; _builder_version=&#8220;4.16&#8243; _module_preset=&#8220;default&#8220; global_colors_info=&#8220;{}&#8220;][et_pb_text _builder_version=&#8220;4.17.6&#8243; _module_preset=&#8220;default&#8220; global_colors_info=&#8220;{}&#8220;]<\/p>\n<p><strong>Eigenmarke<\/strong><\/p>\n<p>Sie sind auf der Suche nach Bio-Keks(en) im vertrauten Stil Ihres Unternehmens? Wir sind Ihnen gerne dabei behilflich, ein Produkt zu entwickeln, das zu Ihrem Corporate Design passt, <a href=\"https:\/\/billysfarm.nl\/wp-content\/uploads\/2022\/09\/Private-label-D.pdf\" target=\"_blank\" rel=\"noopener\">Klicken Sie hier f\u00fcr einige Beispiele.<\/a><\/p>\n<p>Umfangreiche M\u00f6glichkeiten in kleinen oder gro\u00dfen St\u00fcckzahlen: Unsere Produktion ist darauf ausgelegt! Neugierig? F\u00fcllen Sie unser Kontaktformular in oder rufen Sie +31(0)512532000 f\u00fcr weitere Informationen.<\/p>\n<p>[\/et_pb_text][\/et_pb_column][et_pb_column type=&#8220;1_3&#8243; _builder_version=&#8220;4.16&#8243; _module_preset=&#8220;default&#8220; global_colors_info=&#8220;{}&#8220;][et_pb_text _builder_version=&#8220;4.16&#8243; _module_preset=&#8220;default&#8220; global_colors_info=&#8220;{}&#8220;]<\/p>\n<p><strong>Fragen oder Anmerkungen?<\/strong><\/p>\n<p>Eine Frage zu unserem Sortiment, den Produktionsprozess oder der B\u00e4ckerei? Oder haben Sie einen Vorschlag f\u00fcr ein neues Produkt oder eine Verbesserung eines bestehenden Produktes? Lassen Sie uns wissen! Wir freuen uns \u00fcber Ihr Feedback, damit wir unser Gesch\u00e4ft und unsere Marke weiter verbessern k\u00f6nnen. <\/p>\n<p><strong>Kontaktdetails<\/strong><br \/>E. <span style=\"text-decoration: underline;\"><a href=\"mailto:info@billysfarm.nl\">info@billysfarm.nl<\/a><\/span><br \/>T. +31(0)512 53 20 00<\/p>\n<p>[\/et_pb_text][\/et_pb_column][\/et_pb_row][\/et_pb_section][et_pb_section fb_built=&#8220;1&#8243; _builder_version=&#8220;4.16&#8243; _module_preset=&#8220;default&#8220; global_colors_info=&#8220;{}&#8220;][et_pb_row column_structure=&#8220;1_5,3_5,1_5&#8243; _builder_version=&#8220;4.16&#8243; _module_preset=&#8220;default&#8220; global_colors_info=&#8220;{}&#8220;][et_pb_column type=&#8220;1_5&#8243; _builder_version=&#8220;4.16&#8243; _module_preset=&#8220;default&#8220; global_colors_info=&#8220;{}&#8220;][\/et_pb_column][et_pb_column type=&#8220;3_5&#8243; _builder_version=&#8220;4.16&#8243; _module_preset=&#8220;default&#8220; global_colors_info=&#8220;{}&#8220;][et_pb_contact_form email=&#8220;info@billysfarm.nl&#8220; title=&#8220;Einfacher Kontakt: F\u00fcllen Sie das Formular aus&#8220; success_message=&#8220;Ihre Nachricht wurde erfolgreich gesendet. Wir werden Sie kontaktieren!&#8220; submit_button_text=&#8220;Sende&#8220; _builder_version=&#8220;4.16&#8243; _module_preset=&#8220;default&#8220; _unique_id=&#8220;3baedd89-2e57-4f93-8990-996031631b89&#8243; title_level=&#8220;h4&#8243; captcha_font_size=&#8220;14px&#8220; background_color=&#8220;rgba(0,0,0,0)&#8220; custom_button=&#8220;on&#8220; button_text_size=&#8220;14px&#8220; global_colors_info=&#8220;{}&#8220;][et_pb_contact_field field_id=&#8220;Name&#8220; field_title=&#8220;Name&#8220; _builder_version=&#8220;4.16&#8243; global_colors_info=&#8220;{}&#8220; button_text_size__hover_enabled=&#8220;off&#8220; button_one_text_size__hover_enabled=&#8220;off&#8220; button_two_text_size__hover_enabled=&#8220;off&#8220; button_text_color__hover_enabled=&#8220;off&#8220; button_one_text_color__hover_enabled=&#8220;off&#8220; button_two_text_color__hover_enabled=&#8220;off&#8220; button_border_width__hover_enabled=&#8220;off&#8220; button_one_border_width__hover_enabled=&#8220;off&#8220; button_two_border_width__hover_enabled=&#8220;off&#8220; button_border_color__hover_enabled=&#8220;off&#8220; button_one_border_color__hover_enabled=&#8220;off&#8220; button_two_border_color__hover_enabled=&#8220;off&#8220; button_border_radius__hover_enabled=&#8220;off&#8220; button_one_border_radius__hover_enabled=&#8220;off&#8220; button_two_border_radius__hover_enabled=&#8220;off&#8220; button_letter_spacing__hover_enabled=&#8220;off&#8220; button_one_letter_spacing__hover_enabled=&#8220;off&#8220; button_two_letter_spacing__hover_enabled=&#8220;off&#8220; button_bg_color__hover_enabled=&#8220;off&#8220; button_one_bg_color__hover_enabled=&#8220;off&#8220; button_two_bg_color__hover_enabled=&#8220;off&#8220;][\/et_pb_contact_field][et_pb_contact_field field_id=&#8220;Email&#8220; field_title=&#8220;E-Mail-Addresse&#8220; field_type=&#8220;email&#8220; _builder_version=&#8220;4.16&#8243; global_colors_info=&#8220;{}&#8220; button_text_size__hover_enabled=&#8220;off&#8220; button_one_text_size__hover_enabled=&#8220;off&#8220; button_two_text_size__hover_enabled=&#8220;off&#8220; button_text_color__hover_enabled=&#8220;off&#8220; button_one_text_color__hover_enabled=&#8220;off&#8220; button_two_text_color__hover_enabled=&#8220;off&#8220; button_border_width__hover_enabled=&#8220;off&#8220; button_one_border_width__hover_enabled=&#8220;off&#8220; button_two_border_width__hover_enabled=&#8220;off&#8220; button_border_color__hover_enabled=&#8220;off&#8220; button_one_border_color__hover_enabled=&#8220;off&#8220; button_two_border_color__hover_enabled=&#8220;off&#8220; button_border_radius__hover_enabled=&#8220;off&#8220; button_one_border_radius__hover_enabled=&#8220;off&#8220; button_two_border_radius__hover_enabled=&#8220;off&#8220; button_letter_spacing__hover_enabled=&#8220;off&#8220; button_one_letter_spacing__hover_enabled=&#8220;off&#8220; button_two_letter_spacing__hover_enabled=&#8220;off&#8220; button_bg_color__hover_enabled=&#8220;off&#8220; button_one_bg_color__hover_enabled=&#8220;off&#8220; button_two_bg_color__hover_enabled=&#8220;off&#8220;][\/et_pb_contact_field][et_pb_contact_field field_id=&#8220;Message&#8220; field_title=&#8220;Ihre Frage\/Bemerkung&#8220; field_type=&#8220;text&#8220; fullwidth_field=&#8220;on&#8220; _builder_version=&#8220;4.16&#8243; global_colors_info=&#8220;{}&#8220; button_text_size__hover_enabled=&#8220;off&#8220; button_one_text_size__hover_enabled=&#8220;off&#8220; button_two_text_size__hover_enabled=&#8220;off&#8220; button_text_color__hover_enabled=&#8220;off&#8220; button_one_text_color__hover_enabled=&#8220;off&#8220; button_two_text_color__hover_enabled=&#8220;off&#8220; button_border_width__hover_enabled=&#8220;off&#8220; button_one_border_width__hover_enabled=&#8220;off&#8220; button_two_border_width__hover_enabled=&#8220;off&#8220; button_border_color__hover_enabled=&#8220;off&#8220; button_one_border_color__hover_enabled=&#8220;off&#8220; button_two_border_color__hover_enabled=&#8220;off&#8220; button_border_radius__hover_enabled=&#8220;off&#8220; button_one_border_radius__hover_enabled=&#8220;off&#8220; button_two_border_radius__hover_enabled=&#8220;off&#8220; button_letter_spacing__hover_enabled=&#8220;off&#8220; button_one_letter_spacing__hover_enabled=&#8220;off&#8220; button_two_letter_spacing__hover_enabled=&#8220;off&#8220; button_bg_color__hover_enabled=&#8220;off&#8220; button_one_bg_color__hover_enabled=&#8220;off&#8220; button_two_bg_color__hover_enabled=&#8220;off&#8220;][\/et_pb_contact_field][et_pb_contact_field field_id=&#8220;Onderwerp&#8220; field_title=&#8220;Eine Frage zu&#8220; field_type=&#8220;select&#8220; select_options=&#8220;%91{%22value%22:%22Allgemeines%22,%22checked%22:0,%22dragID%22:-1},{%22value%22:%22Eigenmarke%22,%22checked%22:0,%22dragID%22:0},{%22value%22:%22Gro\u00dfh\u00e4ndler Werden%22,%22checked%22:0,%22dragID%22:1},{%22value%22:%22Verkaufsstelle Werden%22,%22checked%22:0,%22dragID%22:2}%93&#8243; required_mark=&#8220;off&#8220; fullwidth_field=&#8220;on&#8220; _builder_version=&#8220;4.16&#8243; _module_preset=&#8220;default&#8220; global_colors_info=&#8220;{}&#8220;][\/et_pb_contact_field][\/et_pb_contact_form][\/et_pb_column][et_pb_column type=&#8220;1_5&#8243; _builder_version=&#8220;4.16&#8243; _module_preset=&#8220;default&#8220; global_colors_info=&#8220;{}&#8220;][\/et_pb_column][\/et_pb_row][\/et_pb_section]<\/p>\n","protected":false},"excerpt":{"rendered":"<p>Kontaktieren Sie Billy&#8217;s FarmVerkaufsstelle oder Gro\u00dfh\u00e4ndler werden? Wir sind st\u00e4ndig auf der Suche nach Verkaufsstellen und Gro\u00dfh\u00e4ndler. Im Online-Katalog finden Sie n\u00fctzliche Informationen zu unserem Sortiment. All unsere Verpackungen sind in 4 Sprachen beschriftet: Niederl\u00e4ndisch, Englisch, Deutsch und Franz\u00f6sisch. Unser Produktions- verfahren ist so anpassungsf\u00e4hig, dass wir bei Billy\u2019s Farm auch kleine Mengen auf gemischten [&hellip;]<\/p>\n","protected":false},"author":20,"featured_media":0,"parent":0,"menu_order":0,"comment_status":"closed","ping_status":"closed","template":"","meta":{"_et_pb_use_builder":"on","_et_pb_old_content":"","_et_gb_content_width":"","footnotes":""},"class_list":["post-398","page","type-page","status-publish","hentry"],"_links":{"self":[{"href":"https:\/\/billysfarm.nl\/de\/wp-json\/wp\/v2\/pages\/398","targetHints":{"allow":["GET"]}}],"collection":[{"href":"https:\/\/billysfarm.nl\/de\/wp-json\/wp\/v2\/pages"}],"about":[{"href":"https:\/\/billysfarm.nl\/de\/wp-json\/wp\/v2\/types\/page"}],"author":[{"embeddable":true,"href":"https:\/\/billysfarm.nl\/de\/wp-json\/wp\/v2\/users\/20"}],"replies":[{"embeddable":true,"href":"https:\/\/billysfarm.nl\/de\/wp-json\/wp\/v2\/comments?post=398"}],"version-history":[{"count":1,"href":"https:\/\/billysfarm.nl\/de\/wp-json\/wp\/v2\/pages\/398\/revisions"}],"predecessor-version":[{"id":10736,"href":"https:\/\/billysfarm.nl\/de\/wp-json\/wp\/v2\/pages\/398\/revisions\/10736"}],"wp:attachment":[{"href":"https:\/\/billysfarm.nl\/de\/wp-json\/wp\/v2\/media?parent=398"}],"curies":[{"name":"wp","href":"https:\/\/api.w.org\/{rel}","templated":true}]}}