{"id":47,"date":"2021-03-04T18:50:50","date_gmt":"2021-03-04T18:50:50","guid":{"rendered":"https:\/\/billysfarmnieuw.beveiligdeserver.nl\/shop-2\/"},"modified":"2026-03-31T14:24:06","modified_gmt":"2026-03-31T12:24:06","slug":"online-shop-bio-vegane-kekse","status":"publish","type":"page","link":"https:\/\/billysfarm.nl\/de\/online-shop-bio-vegane-kekse\/","title":{"rendered":"Shop"},"content":{"rendered":"<p>[et_pb_section fb_built=&#8220;1&#8243; _builder_version=&#8220;4.16&#8243; _module_preset=&#8220;default&#8220; min_height=&#8220;1332.5px&#8220; custom_padding=&#8220;||31px|||&#8220; global_colors_info=&#8220;{}&#8220;][et_pb_row _builder_version=&#8220;4.16&#8243; _module_preset=&#8220;default&#8220; global_colors_info=&#8220;{}&#8220;][et_pb_column type=&#8220;4_4&#8243; _builder_version=&#8220;4.16&#8243; _module_preset=&#8220;default&#8220; global_colors_info=&#8220;{}&#8220;][et_pb_text _builder_version=&#8220;4.27.4&#8243; _module_preset=&#8220;default&#8220; custom_padding=&#8220;1px|||||&#8220; global_colors_info=&#8220;{}&#8220;]<\/p>\n<h2 style=\"text-align: center;\">Online kaufen<\/h2>\n<h5 style=\"text-align: center;\"><span style=\"color: #95a668;\">Kostenlose Lieferung ab \u20ac 50, &#8211; inkl. MwSt <\/span><span style=\"color: #95a668;\">Lieferung NL, BE &amp; DE<\/span><\/h5>\n<p>[\/et_pb_text][et_pb_text content_tablet=&#8220;<\/p>\n<h6 class=%22tw-data-text tw-text-large tw-ta%22 data-placeholder=%22Vertaling%22 id=%22tw-target-text%22 dir=%22ltr%22><span class=%22Y2IQFc%22 lang=%22de%22>Verkaufsstelle werden? Klicken Sie auf <a href=%22https:\/\/billsnatuurbakkerij.brincr.com\/portal\/billsnatuurbakkerij?mail=%22 data-et-target-link=%22_blank%22 rel=%22noopener%22><span style=%22text-decoration: underline;%22>Login B2B<\/span><\/a> und registrieren Sie sich als Shop, Gro\u00dfh\u00e4ndler oder sonstige Verkaufsstelle.<\/span><\/h6>\n<p>&#8220; content_phone=&#8220;<\/p>\n<h6 class=%22tw-data-text tw-text-large tw-ta%22 data-placeholder=%22Vertaling%22 id=%22tw-target-text%22 dir=%22ltr%22><span class=%22Y2IQFc%22 lang=%22de%22>Verkaufsstelle werden? Klicken Sie auf <a href=%22https:\/\/billsnatuurbakkerij.brincr.com\/portal\/billsnatuurbakkerij?mail=%22 data-et-target-link=%22_blank%22 rel=%22noopener%22><span style=%22text-decoration: underline;%22>Login B2B<\/span><\/a> und registrieren Sie sich als Shop, Gro\u00dfh\u00e4ndler oder sonstige Verkaufsstelle.<\/span><\/h6>\n<p>&#8220; content_last_edited=&#8220;on|phone&#8220; _builder_version=&#8220;4.27.4&#8243; _module_preset=&#8220;default&#8220; text_orientation=&#8220;center&#8220; custom_padding=&#8220;1px|||||&#8220; global_colors_info=&#8220;{}&#8220;]<\/p>\n<h6 class=\"tw-data-text tw-text-large tw-ta\" data-placeholder=\"Vertaling\" id=\"tw-target-text\" dir=\"ltr\"><span class=\"Y2IQFc\" lang=\"de\">Verkaufsstelle werden? Klicken Sie auf <a href=\"https:\/\/billsnatuurbakkerij.brincr.com\/uix\/portal\/billsnatuurbakkerij?mail=\" target=\"_blank\" rel=\"noopener\"><span style=\"text-decoration: underline;\">Login B2B<\/span><\/a> und registrieren Sie sich als Shop, Gro\u00dfh\u00e4ndler oder sonstige Verkaufsstelle.<\/span><\/h6>\n<p>[\/et_pb_text][et_pb_button button_url=&#8220;https:\/\/billsnatuurbakkerij.brincr.com\/uix\/portal\/billsnatuurbakkerij?mail=&#8220; url_new_window=&#8220;on&#8220; button_text=&#8220;Login B2B&#8220; button_alignment=&#8220;center&#8220; _builder_version=&#8220;4.27.4&#8243; _module_preset=&#8220;default&#8220; global_colors_info=&#8220;{}&#8220;][\/et_pb_button][\/et_pb_column][\/et_pb_row][et_pb_row column_structure=&#8220;1_4,3_4&#8243; disabled_on=&#8220;off|off|off&#8220; _builder_version=&#8220;4.16&#8243; _module_preset=&#8220;default&#8220; custom_margin=&#8220;|auto|-22px|auto||&#8220; global_colors_info=&#8220;{}&#8220;][et_pb_column type=&#8220;1_4&#8243; _builder_version=&#8220;4.16&#8243; _module_preset=&#8220;default&#8220; global_colors_info=&#8220;{}&#8220;][et_pb_sidebar disabled_on=&#8220;on|off|off&#8220; _builder_version=&#8220;4.16&#8243; _module_preset=&#8220;default&#8220; header_font_size=&#8220;15px&#8220; global_colors_info=&#8220;{}&#8220;][\/et_pb_sidebar][\/et_pb_column][et_pb_column type=&#8220;3_4&#8243; _builder_version=&#8220;4.16&#8243; _module_preset=&#8220;default&#8220; global_colors_info=&#8220;{}&#8220;][et_pb_shop type=&#8220;best_selling&#8220; posts_number=&#8220;50&#8243; _builder_version=&#8220;4.19.5&#8243; _module_preset=&#8220;default&#8220; price_text_align=&#8220;center&#8220; text_orientation=&#8220;center&#8220; global_colors_info=&#8220;{}&#8220;][\/et_pb_shop][\/et_pb_column][\/et_pb_row][\/et_pb_section][et_pb_section fb_built=&#8220;1&#8243; _builder_version=&#8220;4.16&#8243; _module_preset=&#8220;default&#8220; background_color=&#8220;#f9f9f9&#8243; min_height=&#8220;387.7px&#8220; custom_margin=&#8220;-10px|||||&#8220; custom_padding=&#8220;||35px|||&#8220; global_colors_info=&#8220;{}&#8220;][et_pb_row _builder_version=&#8220;4.16&#8243; _module_preset=&#8220;default&#8220; global_colors_info=&#8220;{}&#8220;][et_pb_column type=&#8220;4_4&#8243; _builder_version=&#8220;4.16&#8243; _module_preset=&#8220;default&#8220; global_colors_info=&#8220;{}&#8220;][et_pb_text _builder_version=&#8220;4.17.6&#8243; _module_preset=&#8220;default&#8220; header_3_font_size=&#8220;24px&#8220; min_height=&#8220;7px&#8220; custom_margin=&#8220;23px|||||&#8220; global_colors_info=&#8220;{}&#8220;]<\/p>\n<h3 style=\"text-align: center;\">Warum online bei Billy&#8217;s Farm bestellen?<\/h3>\n<p>[\/et_pb_text][\/et_pb_column][\/et_pb_row][et_pb_row _builder_version=&#8220;4.16&#8243; _module_preset=&#8220;default&#8220; custom_padding=&#8220;0px||0px|||&#8220; global_colors_info=&#8220;{}&#8220;][et_pb_column type=&#8220;4_4&#8243; _builder_version=&#8220;4.16&#8243; _module_preset=&#8220;default&#8220; global_colors_info=&#8220;{}&#8220;][et_pb_text disabled_on=&#8220;on|on|off&#8220; _builder_version=&#8220;4.27.4&#8243; _module_preset=&#8220;default&#8220; header_6_font_size=&#8220;16px&#8220; width=&#8220;100%&#8220; custom_margin=&#8220;-17px|-576px||-50px||&#8220; custom_padding=&#8220;0px|0px||292px||&#8220; global_colors_info=&#8220;{}&#8220;]<\/p>\n<ul>\n<li>\n<h6>T\u00e4glich neues Backmaterial.<\/h6>\n<\/li>\n<li>\n<h6>Box-Rabatt.<\/h6>\n<\/li>\n<li>\n<h6>Heute frisch bestellt = morgen frisch geliefert.<\/h6>\n<\/li>\n<li>\n<h6>Komplett biologisch und pflanzlich (Vegan).<\/h6>\n<\/li>\n<li>\n<h6>Nachhaltig verpackt mit gebrauchten Verpackungsmaterialien aus Rohstoffen.<\/h6>\n<\/li>\n<\/ul>\n<p>[\/et_pb_text][et_pb_text disabled_on=&#8220;off|off|on&#8220; _builder_version=&#8220;4.27.4&#8243; _module_preset=&#8220;default&#8220; width=&#8220;100%&#8220; custom_margin=&#8220;-17px|-576px||1px||&#8220; custom_padding=&#8220;0px|0px||9px||&#8220; hover_enabled=&#8220;0&#8243; global_colors_info=&#8220;{}&#8220; sticky_enabled=&#8220;0&#8243;]<\/p>\n<ul>\n<li>T\u00e4glich neues Backmaterial.<\/li>\n<li>Box-Rabatt.<\/li>\n<li>Heute frisch bestellt = morgen frisch geliefert.<\/li>\n<li>Komplett biologisch und pflanzlich (Vegan).<\/li>\n<li>Nachhaltig verpackt mit gebrauchten Verpackungsmaterialien aus Rohstoffen.<\/li>\n<\/ul>\n<p>[\/et_pb_text][\/et_pb_column][\/et_pb_row][\/et_pb_section][et_pb_section fb_built=&#8220;1&#8243; _builder_version=&#8220;4.16&#8243; _module_preset=&#8220;default&#8220; custom_margin=&#8220;-17px|||||&#8220; global_colors_info=&#8220;{}&#8220;][et_pb_row column_structure=&#8220;1_2,1_2&#8243; _builder_version=&#8220;4.16&#8243; _module_preset=&#8220;default&#8220; custom_padding=&#8220;31px|||||&#8220; global_colors_info=&#8220;{}&#8220;][et_pb_column type=&#8220;1_2&#8243; _builder_version=&#8220;4.16&#8243; _module_preset=&#8220;default&#8220; global_colors_info=&#8220;{}&#8220;][et_pb_image src=&#8220;https:\/\/billysfarm.nl\/wp-content\/uploads\/2021\/03\/Catalogus_NL.jpg&#8220; title_text=&#8220;Katalog_DE&#8220; url=&#8220;https:\/\/billysfarm.nl\/wp-content\/uploads\/2024\/04\/Folder_Billys-Farm_DE_2024-1.pdf&#8220; url_new_window=&#8220;on&#8220; disabled_on=&#8220;on|off|off&#8220; _builder_version=&#8220;4.24.2&#8243; _module_preset=&#8220;default&#8220; width=&#8220;74%&#8220; module_alignment=&#8220;right&#8220; global_colors_info=&#8220;{}&#8220;][\/et_pb_image][et_pb_image src=&#8220;https:\/\/billysfarm.nl\/wp-content\/uploads\/2021\/03\/Catalogus_NL.jpg&#8220; title_text=&#8220;Katalog_DE&#8220; url=&#8220;https:\/\/billysfarm.nl\/wp-content\/uploads\/2024\/04\/Folder_Billys-Farm_DE_2024-1.pdf&#8220; url_new_window=&#8220;on&#8220; disabled_on=&#8220;off|on|on&#8220; _builder_version=&#8220;4.24.2&#8243; _module_preset=&#8220;default&#8220; width=&#8220;100%&#8220; module_alignment=&#8220;right&#8220; custom_margin=&#8220;|||71px||&#8220; global_colors_info=&#8220;{}&#8220;][\/et_pb_image][\/et_pb_column][et_pb_column type=&#8220;1_2&#8243; _builder_version=&#8220;4.16&#8243; _module_preset=&#8220;default&#8220; global_colors_info=&#8220;{}&#8220;][et_pb_text _builder_version=&#8220;4.16&#8243; _module_preset=&#8220;default&#8220; custom_margin=&#8220;43px|||||&#8220; global_colors_info=&#8220;{}&#8220;]<\/p>\n<h4>Online PRODUKTkatalog<\/h4>\n<p>Entdecken Sie die leckeren Bio-Kekse von Billy\u2019s Farm in unserem Katalog! Eine \u00dcbersicht aller unserer Produkte, voller Fotos und Informationen zu Billy\u2019s Farm.<\/p>\n<p>[\/et_pb_text][et_pb_button button_url=&#8220;https:\/\/billysfarm.nl\/wp-content\/uploads\/2024\/04\/Folder_Billys-Farm_DE_2024-1.pdf&#8220; url_new_window=&#8220;on&#8220; button_text=&#8220;Katalog anzeigen&#8220; _builder_version=&#8220;4.24.2&#8243; _module_preset=&#8220;default&#8220; custom_button=&#8220;on&#8220; button_text_size=&#8220;14px&#8220; custom_margin=&#8220;-9px|||||&#8220; global_colors_info=&#8220;{}&#8220;][\/et_pb_button][\/et_pb_column][\/et_pb_row][\/et_pb_section]<\/p>\n","protected":false},"excerpt":{"rendered":"<p>Online kaufen Kostenlose Lieferung ab \u20ac 50, &#8211; inkl. MwSt Lieferung NL, BE &amp; DEVerkaufsstelle werden? Klicken Sie auf Login B2B und registrieren Sie sich als Shop, Gro\u00dfh\u00e4ndler oder sonstige Verkaufsstelle.Warum online bei Billy&#8217;s Farm bestellen? T\u00e4glich neues Backmaterial. Box-Rabatt. Heute frisch bestellt = morgen frisch geliefert. Komplett biologisch und pflanzlich (Vegan). Nachhaltig verpackt mit [&hellip;]<\/p>\n","protected":false},"author":1,"featured_media":0,"parent":0,"menu_order":0,"comment_status":"closed","ping_status":"closed","template":"","meta":{"_et_pb_use_builder":"on","_et_pb_old_content":"","_et_gb_content_width":"","footnotes":""},"class_list":["post-47","page","type-page","status-publish","hentry"],"_links":{"self":[{"href":"https:\/\/billysfarm.nl\/de\/wp-json\/wp\/v2\/pages\/47","targetHints":{"allow":["GET"]}}],"collection":[{"href":"https:\/\/billysfarm.nl\/de\/wp-json\/wp\/v2\/pages"}],"about":[{"href":"https:\/\/billysfarm.nl\/de\/wp-json\/wp\/v2\/types\/page"}],"author":[{"embeddable":true,"href":"https:\/\/billysfarm.nl\/de\/wp-json\/wp\/v2\/users\/1"}],"replies":[{"embeddable":true,"href":"https:\/\/billysfarm.nl\/de\/wp-json\/wp\/v2\/comments?post=47"}],"version-history":[{"count":6,"href":"https:\/\/billysfarm.nl\/de\/wp-json\/wp\/v2\/pages\/47\/revisions"}],"predecessor-version":[{"id":10822,"href":"https:\/\/billysfarm.nl\/de\/wp-json\/wp\/v2\/pages\/47\/revisions\/10822"}],"wp:attachment":[{"href":"https:\/\/billysfarm.nl\/de\/wp-json\/wp\/v2\/media?parent=47"}],"curies":[{"name":"wp","href":"https:\/\/api.w.org\/{rel}","templated":true}]}}