
{"id":1616,"date":"2021-11-19T14:10:21","date_gmt":"2021-11-19T14:10:21","guid":{"rendered":"https:\/\/billysfarm.nl\/shop\/paquet-biscuits-epeautre\/"},"modified":"2026-01-25T13:46:21","modified_gmt":"2026-01-25T12:46:21","slug":"dinkel-keks-paket","status":"publish","type":"product","link":"https:\/\/billysfarm.nl\/de\/shop\/dinkel-keks-paket\/","title":{"rendered":"Bio Dinkel Keks Paket"},"content":{"rendered":"<p>[et_pb_section fb_built=&#8220;1&#8243; theme_builder_area=&#8220;post_content&#8220; _builder_version=&#8220;4.24.0&#8243; _module_preset=&#8220;default&#8220;][\/et_pb_section]<\/p>\n","protected":false},"excerpt":{"rendered":"<p>1x175g <a href=\"https:\/\/billysfarm.nl\/de\/shop\/bio-apfel-cranberry-kekse\/\">Apfel-Cranberry Kekse<\/a><br \/>\n1x175g <a href=\"https:\/\/billysfarm.nl\/de\/shop\/bio-ingwer-walnuss-kekse-175g\/\">Ingwer-Walnuss Kekse<\/a><br \/>\n1x175g <a href=\"https:\/\/billysfarm.nl\/de\/shop\/bio-dinkel-spekulatius-kekse-175g\/\">Dinkel Spekulatius Kekse<\/a><br \/>\n1x300g <a href=\"https:\/\/billysfarm.nl\/de\/shop\/bio-dinkel-sirup-waffeln\/\">Dinkel Sirup Waffeln<\/a><br \/>\n3x50g <a href=\"https:\/\/billysfarm.nl\/de\/shop\/bio-dinkel-fruechten-kekse-50g\/\">Dinkel Fr\u00fcchten Kekse<\/a><br \/>\n3x50g <a href=\"https:\/\/billysfarm.nl\/de\/shop\/bio-dinkel-mandel-kekse-50g\/\">Dinkel Mandel Kekse<\/a><\/p>\n<p>Keks- und Waffelpaket nur mit Dinkel zubereitet.<br \/>\nVor allem f\u00fcr alle, die auf Weizenkorn verzichten m\u00f6chten.<br \/>\n<em>Passt auf; andere K\u00f6rner, einschlie\u00dflich Weizen, werden in der B\u00e4ckerei verarbeitet, was zu Kreuzkontaminationen f\u00fchren kann.<\/em><br \/>\n<em>Dies wird nat\u00fcrlich sehr sorgf\u00e4ltig gehandhabt.<\/em><\/p>\n","protected":false},"featured_media":1973,"template":"","meta":{"_et_pb_use_builder":"on","_et_pb_old_content":"","_et_gb_content_width":""},"product_brand":[],"product_cat":[298,1595,1592,1594,1589,1590],"product_tag":[1554,1603,1555,1556,1599,1543],"class_list":{"0":"post-1616","1":"product","2":"type-product","3":"status-publish","4":"has-post-thumbnail","6":"product_cat-dinkel","7":"product_cat-niederlaendischer-gewuerz","8":"product_cat-nuesse","9":"product_cat-obst-fruechte","10":"product_cat-vegan-kekse","11":"product_cat-vegan-sirupwaffeln","12":"product_tag-bio","13":"product_tag-kekse-eigenmarke","14":"product_tag-natuerlich-gesuesst-mit-frucht-und-getreidesirup","15":"product_tag-pflanzlich","16":"product_tag-private-label-kekse","17":"product_tag-vegan","19":"first","20":"instock","21":"sale","22":"taxable","23":"shipping-taxable","24":"purchasable","25":"product-type-simple"},"_links":{"self":[{"href":"https:\/\/billysfarm.nl\/de\/wp-json\/wp\/v2\/product\/1616","targetHints":{"allow":["GET"]}}],"collection":[{"href":"https:\/\/billysfarm.nl\/de\/wp-json\/wp\/v2\/product"}],"about":[{"href":"https:\/\/billysfarm.nl\/de\/wp-json\/wp\/v2\/types\/product"}],"wp:featuredmedia":[{"embeddable":true,"href":"https:\/\/billysfarm.nl\/de\/wp-json\/wp\/v2\/media\/1973"}],"wp:attachment":[{"href":"https:\/\/billysfarm.nl\/de\/wp-json\/wp\/v2\/media?parent=1616"}],"wp:term":[{"taxonomy":"product_brand","embeddable":true,"href":"https:\/\/billysfarm.nl\/de\/wp-json\/wp\/v2\/product_brand?post=1616"},{"taxonomy":"product_cat","embeddable":true,"href":"https:\/\/billysfarm.nl\/de\/wp-json\/wp\/v2\/product_cat?post=1616"},{"taxonomy":"product_tag","embeddable":true,"href":"https:\/\/billysfarm.nl\/de\/wp-json\/wp\/v2\/product_tag?post=1616"}],"curies":[{"name":"wp","href":"https:\/\/api.w.org\/{rel}","templated":true}]}}