{"id":552,"date":"2021-04-09T11:56:58","date_gmt":"2021-04-09T11:56:58","guid":{"rendered":"https:\/\/billysfarmnieuw.beveiligdeserver.nl\/shop\/bio-dinkel-fruechten-kekse-50g\/"},"modified":"2026-01-10T21:03:15","modified_gmt":"2026-01-10T20:03:15","slug":"bio-dinkel-fruechten-kekse-50g","status":"publish","type":"product","link":"https:\/\/billysfarm.nl\/de\/shop\/bio-dinkel-fruechten-kekse-50g\/","title":{"rendered":"Bio Dinkel Fr\u00fcchten Kekse 50g"},"content":{"rendered":"<p>[et_pb_section fb_built=&#8220;1&#8243; _builder_version=&#8220;4.16&#8243; min_height=&#8220;987.4px&#8220; custom_margin=&#8220;-3px|||||&#8220; custom_padding=&#8220;0px||||false|false&#8220; global_colors_info=&#8220;{}&#8220;][et_pb_row _builder_version=&#8220;4.16&#8243; background_size=&#8220;initial&#8220; background_position=&#8220;top_left&#8220; background_repeat=&#8220;repeat&#8220; width=&#8220;100%&#8220; custom_padding=&#8220;0px||0px||false|false&#8220; global_colors_info=&#8220;{}&#8220;][et_pb_column type=&#8220;4_4&#8243; _builder_version=&#8220;4.16&#8243; custom_padding=&#8220;|||&#8220; global_colors_info=&#8220;{}&#8220; custom_padding__hover=&#8220;|||&#8220;][et_pb_wc_breadcrumb breadcrumb_home_text=&#8220;Home&#8220; _builder_version=&#8220;4.16&#8243; min_height=&#8220;41px&#8220; custom_margin=&#8220;||16px|||&#8220; custom_padding=&#8220;41px|||||&#8220; global_colors_info=&#8220;{}&#8220;][\/et_pb_wc_breadcrumb][et_pb_wc_cart_notice _builder_version=&#8220;4.16&#8243; title_font_size=&#8220;15px&#8220; title_line_height=&#8220;1.9em&#8220; custom_button=&#8220;on&#8220; button_text_size=&#8220;13px&#8220; button_text_color=&#8220;#3f3f3f&#8220; button_bg_color=&#8220;#ffffff&#8220; button_custom_margin=&#8220;|40px|15px||false|false&#8220; min_height=&#8220;22px&#8220; custom_padding=&#8220;15px|15px|0px|15px|false|false&#8220; body_font_size=&#8220;15px&#8220; body_line_height=&#8220;1.9em&#8220; global_colors_info=&#8220;{}&#8220;][\/et_pb_wc_cart_notice][\/et_pb_column][\/et_pb_row][et_pb_row column_structure=&#8220;1_2,1_2&#8243; _builder_version=&#8220;4.16&#8243; background_size=&#8220;initial&#8220; background_position=&#8220;top_left&#8220; background_repeat=&#8220;repeat&#8220; width=&#8220;100%&#8220; custom_padding=&#8220;0px||||false|false&#8220; global_colors_info=&#8220;{}&#8220;][et_pb_column type=&#8220;1_2&#8243; _builder_version=&#8220;4.16&#8243; custom_padding=&#8220;|||&#8220; global_colors_info=&#8220;{}&#8220; custom_padding__hover=&#8220;|||&#8220;][et_pb_wc_images _builder_version=&#8220;4.16&#8243; custom_padding=&#8220;|92px||||&#8220; global_colors_info=&#8220;{}&#8220;][\/et_pb_wc_images][\/et_pb_column][et_pb_column type=&#8220;1_2&#8243; _builder_version=&#8220;4.16&#8243; custom_padding=&#8220;|||&#8220; global_colors_info=&#8220;{}&#8220; custom_padding__hover=&#8220;|||&#8220;][et_pb_wc_title _builder_version=&#8220;4.16&#8243; header_level=&#8220;h2&#8243; width=&#8220;70.8%&#8220; custom_margin=&#8220;||16px|||&#8220; custom_padding=&#8220;46px|0px||||&#8220; global_colors_info=&#8220;{}&#8220;][\/et_pb_wc_title][et_pb_wc_price _builder_version=&#8220;4.16&#8243; body_font_size=&#8220;20px&#8220; global_colors_info=&#8220;{}&#8220;][\/et_pb_wc_price][et_pb_wc_description _builder_version=&#8220;4.16&#8243; min_height=&#8220;74px&#8220; custom_margin=&#8220;-8px||15px|||&#8220; custom_padding=&#8220;0px|84px||||&#8220; global_colors_info=&#8220;{}&#8220;][\/et_pb_wc_description][et_pb_image src=&#8220;https:\/\/billysfarm.nl\/wp-content\/uploads\/2021\/04\/Bio-Vegan-RSPO.jpg&#8220; title_text=&#8220;Bio-Vegan-RSPO&#8220; _builder_version=&#8220;4.16&#8243; _module_preset=&#8220;default&#8220; width=&#8220;32%&#8220; custom_margin=&#8220;||20px|||&#8220; custom_padding=&#8220;||1px|1px||&#8220; global_colors_info=&#8220;{}&#8220;][\/et_pb_image][et_pb_wc_add_to_cart _builder_version=&#8220;4.16&#8243; fields_background_color=&#8220;#f9f9f9&#8243; fields_text_color=&#8220;#000000&#8243; fields_font_size=&#8220;13px&#8220; custom_button=&#8220;on&#8220; button_text_color=&#8220;#ffffff&#8220; button_bg_color=&#8220;#f0b800&#8243; width=&#8220;76.3%&#8220; min_height=&#8220;18px&#8220; custom_margin=&#8220;-3px|121px||1px|false|false&#8220; custom_padding=&#8220;||5px|0px||&#8220; global_colors_info=&#8220;{}&#8220;][\/et_pb_wc_add_to_cart][\/et_pb_column][\/et_pb_row][et_pb_row _builder_version=&#8220;4.16&#8243; background_size=&#8220;initial&#8220; background_position=&#8220;top_left&#8220; background_repeat=&#8220;repeat&#8220; width=&#8220;100%&#8220; custom_padding=&#8220;|1px||||&#8220; global_colors_info=&#8220;{}&#8220;][et_pb_column type=&#8220;4_4&#8243; _builder_version=&#8220;4.16&#8243; background_color=&#8220;#f9f9f9&#8243; custom_padding=&#8220;|||&#8220; global_colors_info=&#8220;{}&#8220; custom_padding__hover=&#8220;|||&#8220;][et_pb_wc_tabs active_tab_background_color=&#8220;#ffffff&#8220; inactive_tab_background_color=&#8220;#032b35&#8243; active_tab_text_color=&#8220;#000000&#8243; _builder_version=&#8220;4.7.4&#8243; tab_text_color=&#8220;#ffffff&#8220; body_text_align=&#8220;left&#8220; body_font_size=&#8220;13px&#8220; body_line_height=&#8220;1.4em&#8220; tab_font=&#8220;Josefin Sans|||on|||||&#8220; tab_font_size=&#8220;13px&#8220; background_color=&#8220;rgba(0,0,0,0)&#8220; width=&#8220;100%&#8220; max_width=&#8220;100%&#8220; module_alignment=&#8220;left&#8220; custom_margin=&#8220;0px|144px|0px||false|false&#8220; custom_padding=&#8220;|258px|20px||false|false&#8220; border_width_all=&#8220;0px&#8220; border_color_all=&#8220;#055055&#8243; border_style_right=&#8220;solid&#8220; body_font_size__hover_enabled=&#8220;on|desktop&#8220;] [\/et_pb_wc_tabs][\/et_pb_column][\/et_pb_row][et_pb_row _builder_version=&#8220;4.16&#8243; _module_preset=&#8220;default&#8220; global_colors_info=&#8220;{}&#8220;][et_pb_column type=&#8220;4_4&#8243; _builder_version=&#8220;4.16&#8243; _module_preset=&#8220;default&#8220; global_colors_info=&#8220;{}&#8220;][et_pb_wc_related_products _builder_version=&#8220;4.16&#8243; _module_preset=&#8220;default&#8220; global_colors_info=&#8220;{}&#8220;][\/et_pb_wc_related_products][\/et_pb_column][\/et_pb_row][\/et_pb_section]<\/p>\n","protected":false},"excerpt":{"rendered":"<p>Einzeln verpackter Vollkornkeks 50g (2x25g) mit jeder Menge Rosinen und Cranberrys und mit Getreide- und Fruchtsirups ges\u00fc\u00dft. Hergestellt auf der Basis von Vollkorndinkel und Haferflocken ohne Zus\u00e4tze von herk\u00f6mmlichem Weizen. Der Keks hat eine praktische Bruchlinie zum Teilen oder Aufbewahren.<\/p>\n","protected":false},"featured_media":553,"template":"","meta":{"_et_pb_use_builder":"on","_et_pb_old_content":"<p>Vollkorn Dinkel(WEIZEN)mehl* 27%, fr\u00fcchten* 22% (Rosinen* 20%, ges\u00fc\u00dfte und getrocknete Cranberries* 2% (Cranberries* 60%, Apfeldicksaft*, Sonnenblumen\u00f6l*)), Palm\u00f6l* (ungeh\u00e4rtet), HAFERflocken*, Dinkel(WEIZEN)mehl* 10%, Maismalzsirup*, Reissirup*, Apfeldicksaft*, Dattelsirup*, GERSTENmalzsirup*, Backtriebmittel (Natriumbicarbonat), Zimt*, Salz. * = Bio <br \/><br \/><strong>Allergene<\/strong>\u00a0<br \/>Kann ROGGEN, MANDELN, HASELN\u00dcSSE, MACADAMIAN\u00dcSSE, WALN\u00dcSSE, SESAM enthalten.<\/p>","_et_gb_content_width":""},"product_brand":[],"product_cat":[298,1594,1589],"product_tag":[1554,1603,1555,1556,1599,1543],"class_list":{"0":"post-552","1":"product","2":"type-product","3":"status-publish","4":"has-post-thumbnail","6":"product_cat-dinkel","7":"product_cat-obst-fruechte","8":"product_cat-vegan-kekse","9":"product_tag-bio","10":"product_tag-kekse-eigenmarke","11":"product_tag-natuerlich-gesuesst-mit-frucht-und-getreidesirup","12":"product_tag-pflanzlich","13":"product_tag-private-label-kekse","14":"product_tag-vegan","16":"first","17":"instock","18":"taxable","19":"shipping-taxable","20":"purchasable","21":"product-type-simple"},"_links":{"self":[{"href":"https:\/\/billysfarm.nl\/de\/wp-json\/wp\/v2\/product\/552","targetHints":{"allow":["GET"]}}],"collection":[{"href":"https:\/\/billysfarm.nl\/de\/wp-json\/wp\/v2\/product"}],"about":[{"href":"https:\/\/billysfarm.nl\/de\/wp-json\/wp\/v2\/types\/product"}],"wp:featuredmedia":[{"embeddable":true,"href":"https:\/\/billysfarm.nl\/de\/wp-json\/wp\/v2\/media\/553"}],"wp:attachment":[{"href":"https:\/\/billysfarm.nl\/de\/wp-json\/wp\/v2\/media?parent=552"}],"wp:term":[{"taxonomy":"product_brand","embeddable":true,"href":"https:\/\/billysfarm.nl\/de\/wp-json\/wp\/v2\/product_brand?post=552"},{"taxonomy":"product_cat","embeddable":true,"href":"https:\/\/billysfarm.nl\/de\/wp-json\/wp\/v2\/product_cat?post=552"},{"taxonomy":"product_tag","embeddable":true,"href":"https:\/\/billysfarm.nl\/de\/wp-json\/wp\/v2\/product_tag?post=552"}],"curies":[{"name":"wp","href":"https:\/\/api.w.org\/{rel}","templated":true}]}}