{"id":564,"date":"2021-04-09T11:56:52","date_gmt":"2021-04-09T11:56:52","guid":{"rendered":"https:\/\/billysfarmnieuw.beveiligdeserver.nl\/shop\/bio-kokos-zitronen-kekse-175g\/"},"modified":"2026-03-21T18:22:29","modified_gmt":"2026-03-21T17:22:29","slug":"bio-kokos-zitronen-kekse-175g","status":"publish","type":"product","link":"https:\/\/billysfarm.nl\/de\/shop\/bio-kokos-zitronen-kekse-175g\/","title":{"rendered":"Bio Kokos-Zitronen Kekse 175g"},"content":{"rendered":"<p>[et_pb_section fb_built=&#8220;1&#8243; _builder_version=&#8220;4.16&#8243; min_height=&#8220;987.4px&#8220; custom_margin=&#8220;-3px|||||&#8220; custom_padding=&#8220;0px||||false|false&#8220; global_colors_info=&#8220;{}&#8220;][et_pb_row _builder_version=&#8220;4.16&#8243; background_size=&#8220;initial&#8220; background_position=&#8220;top_left&#8220; background_repeat=&#8220;repeat&#8220; width=&#8220;100%&#8220; custom_padding=&#8220;0px||0px||false|false&#8220; global_colors_info=&#8220;{}&#8220;][et_pb_column type=&#8220;4_4&#8243; _builder_version=&#8220;4.16&#8243; custom_padding=&#8220;|||&#8220; global_colors_info=&#8220;{}&#8220; custom_padding__hover=&#8220;|||&#8220;][et_pb_wc_breadcrumb breadcrumb_home_text=&#8220;Home&#8220; _builder_version=&#8220;4.16&#8243; min_height=&#8220;41px&#8220; custom_margin=&#8220;||16px|||&#8220; custom_padding=&#8220;41px|||||&#8220; global_colors_info=&#8220;{}&#8220;][\/et_pb_wc_breadcrumb][et_pb_wc_cart_notice _builder_version=&#8220;4.16&#8243; title_font_size=&#8220;15px&#8220; title_line_height=&#8220;1.9em&#8220; custom_button=&#8220;on&#8220; button_text_size=&#8220;13px&#8220; button_text_color=&#8220;#3f3f3f&#8220; button_bg_color=&#8220;#ffffff&#8220; button_custom_margin=&#8220;|40px|15px||false|false&#8220; min_height=&#8220;22px&#8220; custom_padding=&#8220;15px|15px|0px|15px|false|false&#8220; body_font_size=&#8220;15px&#8220; body_line_height=&#8220;1.9em&#8220; global_colors_info=&#8220;{}&#8220;][\/et_pb_wc_cart_notice][\/et_pb_column][\/et_pb_row][et_pb_row column_structure=&#8220;1_2,1_2&#8243; _builder_version=&#8220;4.16&#8243; background_size=&#8220;initial&#8220; background_position=&#8220;top_left&#8220; background_repeat=&#8220;repeat&#8220; width=&#8220;100%&#8220; custom_padding=&#8220;0px||||false|false&#8220; global_colors_info=&#8220;{}&#8220;][et_pb_column type=&#8220;1_2&#8243; _builder_version=&#8220;4.16&#8243; custom_padding=&#8220;|||&#8220; global_colors_info=&#8220;{}&#8220; custom_padding__hover=&#8220;|||&#8220;][et_pb_wc_images _builder_version=&#8220;4.16&#8243; custom_padding=&#8220;|92px||||&#8220; global_colors_info=&#8220;{}&#8220;][\/et_pb_wc_images][\/et_pb_column][et_pb_column type=&#8220;1_2&#8243; _builder_version=&#8220;4.16&#8243; custom_padding=&#8220;|||&#8220; global_colors_info=&#8220;{}&#8220; custom_padding__hover=&#8220;|||&#8220;][et_pb_wc_title _builder_version=&#8220;4.16&#8243; header_level=&#8220;h2&#8243; width=&#8220;70.8%&#8220; custom_margin=&#8220;||16px|||&#8220; custom_padding=&#8220;46px|0px||||&#8220; global_colors_info=&#8220;{}&#8220;][\/et_pb_wc_title][et_pb_wc_price _builder_version=&#8220;4.16&#8243; body_font_size=&#8220;20px&#8220; global_colors_info=&#8220;{}&#8220;][\/et_pb_wc_price][et_pb_wc_description _builder_version=&#8220;4.16&#8243; min_height=&#8220;74px&#8220; custom_margin=&#8220;-8px||15px|||&#8220; custom_padding=&#8220;0px|84px||||&#8220; global_colors_info=&#8220;{}&#8220;][\/et_pb_wc_description][et_pb_image src=&#8220;https:\/\/billysfarm.nl\/wp-content\/uploads\/2021\/04\/Bio-Vegan-RSPO.jpg&#8220; title_text=&#8220;Bio-Vegan-RSPO&#8220; _builder_version=&#8220;4.16&#8243; _module_preset=&#8220;default&#8220; width=&#8220;32%&#8220; custom_margin=&#8220;||20px|||&#8220; custom_padding=&#8220;||1px|1px||&#8220; global_colors_info=&#8220;{}&#8220;][\/et_pb_image][et_pb_wc_add_to_cart _builder_version=&#8220;4.16&#8243; fields_background_color=&#8220;#f9f9f9&#8243; fields_text_color=&#8220;#000000&#8243; fields_font_size=&#8220;13px&#8220; custom_button=&#8220;on&#8220; button_text_color=&#8220;#ffffff&#8220; button_bg_color=&#8220;#f0b800&#8243; width=&#8220;76.3%&#8220; min_height=&#8220;18px&#8220; custom_margin=&#8220;-3px|121px||1px|false|false&#8220; custom_padding=&#8220;||5px|0px||&#8220; global_colors_info=&#8220;{}&#8220;][\/et_pb_wc_add_to_cart][\/et_pb_column][\/et_pb_row][et_pb_row _builder_version=&#8220;4.16&#8243; background_size=&#8220;initial&#8220; background_position=&#8220;top_left&#8220; background_repeat=&#8220;repeat&#8220; width=&#8220;100%&#8220; custom_padding=&#8220;|1px||||&#8220; global_colors_info=&#8220;{}&#8220;][et_pb_column type=&#8220;4_4&#8243; _builder_version=&#8220;4.16&#8243; background_color=&#8220;#f9f9f9&#8243; custom_padding=&#8220;|||&#8220; global_colors_info=&#8220;{}&#8220; custom_padding__hover=&#8220;|||&#8220;][et_pb_wc_tabs active_tab_background_color=&#8220;#ffffff&#8220; inactive_tab_background_color=&#8220;#032b35&#8243; active_tab_text_color=&#8220;#000000&#8243; _builder_version=&#8220;4.16&#8243; tab_text_color=&#8220;#ffffff&#8220; body_text_align=&#8220;left&#8220; body_font_size=&#8220;13px&#8220; body_line_height=&#8220;1.4em&#8220; tab_font=&#8220;Josefin Sans|||on|||||&#8220; tab_font_size=&#8220;13px&#8220; background_color=&#8220;rgba(0,0,0,0)&#8220; width=&#8220;100%&#8220; max_width=&#8220;100%&#8220; module_alignment=&#8220;left&#8220; custom_margin=&#8220;0px|144px|0px||false|false&#8220; custom_padding=&#8220;|258px|20px||false|false&#8220; border_width_all=&#8220;0px&#8220; border_color_all=&#8220;#055055&#8243; border_style_right=&#8220;solid&#8220; global_colors_info=&#8220;{}&#8220; body_font_size__hover_enabled=&#8220;on|desktop&#8220; body_font_size__hover=&#8220;13px&#8220;] [\/et_pb_wc_tabs][\/et_pb_column][\/et_pb_row][et_pb_row _builder_version=&#8220;4.16&#8243; _module_preset=&#8220;default&#8220; global_colors_info=&#8220;{}&#8220;][et_pb_column type=&#8220;4_4&#8243; _builder_version=&#8220;4.16&#8243; _module_preset=&#8220;default&#8220; global_colors_info=&#8220;{}&#8220;][et_pb_wc_related_products _builder_version=&#8220;4.16&#8243; _module_preset=&#8220;default&#8220; global_colors_info=&#8220;{}&#8220;][\/et_pb_wc_related_products][\/et_pb_column][\/et_pb_row][\/et_pb_section]<\/p>\n","protected":false},"excerpt":{"rendered":"<p>K\u00f6stlicher erfrischender (Kinder-)Keks mit 11% echter Kokosnuss und reinem Zitronen\u00f6l und mit Ahornsirup ges\u00fc\u00dft. Der Ahornsirup stammt von kanadischen Ahornen. Im Fr\u00fchjahr, wenn der Saftfluss bei diesen B\u00e4umen angeregt wird, wird der k\u00f6stliche s\u00fc\u00dfe z\u00e4hfl\u00fcssige Saft mit seinem karamellartigen Geschmack abgezapft.<\/p>\n","protected":false},"featured_media":565,"template":"","meta":{"_et_pb_use_builder":"on","_et_pb_old_content":"TARWEbloem*, palmolie* (ongehard), rijststroop*, kokos rasp* 11%, volkoren TARWEmeel*, maismoutstroop*, GERSTEmeel*, boekweitmeel*, ahornsiroop*, GERSTEmoutstroop*, rijsmiddel (natriumbicarbonaat), citroenolie* 0,1%. * = Bio\r\n\r\n<strong>Allergenen<\/strong>\r\nKan ROGGE, HAVER, AMANDELEN, HAZELNOTEN, MACADAMIANOTEN, WALNOTEN, SESAM bevatten.","_et_gb_content_width":""},"product_brand":[],"product_cat":[290,1594,862,1589,297],"product_tag":[1554,1603,1555,1556,1599,1543],"class_list":{"0":"post-564","1":"product","2":"type-product","3":"status-publish","4":"has-post-thumbnail","6":"product_cat-andere-getreide","7":"product_cat-obst-fruechte","8":"product_cat-samen","9":"product_cat-vegan-kekse","10":"product_cat-weizen","11":"product_tag-bio","12":"product_tag-kekse-eigenmarke","13":"product_tag-natuerlich-gesuesst-mit-frucht-und-getreidesirup","14":"product_tag-pflanzlich","15":"product_tag-private-label-kekse","16":"product_tag-vegan","18":"first","19":"instock","20":"taxable","21":"shipping-taxable","22":"purchasable","23":"product-type-simple"},"_links":{"self":[{"href":"https:\/\/billysfarm.nl\/de\/wp-json\/wp\/v2\/product\/564","targetHints":{"allow":["GET"]}}],"collection":[{"href":"https:\/\/billysfarm.nl\/de\/wp-json\/wp\/v2\/product"}],"about":[{"href":"https:\/\/billysfarm.nl\/de\/wp-json\/wp\/v2\/types\/product"}],"wp:featuredmedia":[{"embeddable":true,"href":"https:\/\/billysfarm.nl\/de\/wp-json\/wp\/v2\/media\/565"}],"wp:attachment":[{"href":"https:\/\/billysfarm.nl\/de\/wp-json\/wp\/v2\/media?parent=564"}],"wp:term":[{"taxonomy":"product_brand","embeddable":true,"href":"https:\/\/billysfarm.nl\/de\/wp-json\/wp\/v2\/product_brand?post=564"},{"taxonomy":"product_cat","embeddable":true,"href":"https:\/\/billysfarm.nl\/de\/wp-json\/wp\/v2\/product_cat?post=564"},{"taxonomy":"product_tag","embeddable":true,"href":"https:\/\/billysfarm.nl\/de\/wp-json\/wp\/v2\/product_tag?post=564"}],"curies":[{"name":"wp","href":"https:\/\/api.w.org\/{rel}","templated":true}]}}