{"id":571,"date":"2021-04-09T11:56:49","date_gmt":"2021-04-09T11:56:49","guid":{"rendered":"https:\/\/billysfarmnieuw.beveiligdeserver.nl\/shop\/bio-cranberry-schokolade-chip-kekse-175g\/"},"modified":"2026-03-21T18:22:30","modified_gmt":"2026-03-21T17:22:30","slug":"bio-cranberry-schokolade-chip-kekse-175g","status":"publish","type":"product","link":"https:\/\/billysfarm.nl\/de\/shop\/bio-cranberry-schokolade-chip-kekse-175g\/","title":{"rendered":"Bio Cranberry-Schokolade Chip Kekse 175g"},"content":{"rendered":"<p>[et_pb_section fb_built=&#8220;1&#8243; theme_builder_area=&#8220;post_content&#8220; _builder_version=&#8220;4.27.4&#8243; _module_preset=&#8220;default&#8220;][et_pb_row _builder_version=&#8220;4.27.4&#8243; _module_preset=&#8220;default&#8220; theme_builder_area=&#8220;post_content&#8220;][et_pb_column _builder_version=&#8220;4.27.4&#8243; _module_preset=&#8220;default&#8220; type=&#8220;4_4&#8243; theme_builder_area=&#8220;post_content&#8220;][et_pb_wc_additional_info _builder_version=&#8220;4.27.4&#8243; _module_preset=&#8220;default&#8220; theme_builder_area=&#8220;post_content&#8220; hover_enabled=&#8220;0&#8243; sticky_enabled=&#8220;0&#8243;][\/et_pb_wc_additional_info][\/et_pb_column][\/et_pb_row][\/et_pb_section]<\/p>\n","protected":false},"excerpt":{"rendered":"<p>Kleine Kekse mit Cranberrys und reinen Schokoladenst\u00fcckchen ohne Zus\u00e4tze von Milch.<\/p>\n","protected":false},"featured_media":572,"template":"","meta":{"_et_pb_use_builder":"on","_et_pb_old_content":"WEIZENmehl*, Palm\u00f6l* (ungeh\u00e4rtet), HAFERflocken*, Reissirup*, ges\u00fc\u00dfte und getrocknete Cranberries* 8% (Cranberries* 60%, Apfeldicksaft*, Sonnenblumen\u00f6l*), Schokolade* 7% (Kakaomassa*, Kokosbl\u00fcten Zucker*, Kakaobutter*), Maismalzsirup*, Vollkorn WEIZENmehl*, Apfeldicksaft*, Kokosraspeln*, GERSTENmalzsirup*, Backtriebmittel (Natriumbicarbonat), Zimt*, Salz. * = Bio\r\n\r\n<strong>Allergene<\/strong>\r\nKann ROGGEN, MANDELN, HASELN\u00dcSSE, MACADAMIAN\u00dcSSE, WALN\u00dcSSE, SESAM enthalten.","_et_gb_content_width":""},"product_brand":[],"product_cat":[1594,1593,1589,297],"product_tag":[1554,1603,1555,1556,1599,1543],"class_list":{"0":"post-571","1":"product","2":"type-product","3":"status-publish","4":"has-post-thumbnail","6":"product_cat-obst-fruechte","7":"product_cat-schokolade","8":"product_cat-vegan-kekse","9":"product_cat-weizen","10":"product_tag-bio","11":"product_tag-kekse-eigenmarke","12":"product_tag-natuerlich-gesuesst-mit-frucht-und-getreidesirup","13":"product_tag-pflanzlich","14":"product_tag-private-label-kekse","15":"product_tag-vegan","17":"first","18":"instock","19":"taxable","20":"shipping-taxable","21":"purchasable","22":"product-type-simple"},"_links":{"self":[{"href":"https:\/\/billysfarm.nl\/de\/wp-json\/wp\/v2\/product\/571","targetHints":{"allow":["GET"]}}],"collection":[{"href":"https:\/\/billysfarm.nl\/de\/wp-json\/wp\/v2\/product"}],"about":[{"href":"https:\/\/billysfarm.nl\/de\/wp-json\/wp\/v2\/types\/product"}],"wp:featuredmedia":[{"embeddable":true,"href":"https:\/\/billysfarm.nl\/de\/wp-json\/wp\/v2\/media\/572"}],"wp:attachment":[{"href":"https:\/\/billysfarm.nl\/de\/wp-json\/wp\/v2\/media?parent=571"}],"wp:term":[{"taxonomy":"product_brand","embeddable":true,"href":"https:\/\/billysfarm.nl\/de\/wp-json\/wp\/v2\/product_brand?post=571"},{"taxonomy":"product_cat","embeddable":true,"href":"https:\/\/billysfarm.nl\/de\/wp-json\/wp\/v2\/product_cat?post=571"},{"taxonomy":"product_tag","embeddable":true,"href":"https:\/\/billysfarm.nl\/de\/wp-json\/wp\/v2\/product_tag?post=571"}],"curies":[{"name":"wp","href":"https:\/\/api.w.org\/{rel}","templated":true}]}}