{"id":5873,"date":"2023-02-14T12:24:29","date_gmt":"2023-02-14T12:24:29","guid":{"rendered":"https:\/\/billysfarm.nl\/?post_type=product&#038;p=5873"},"modified":"2026-03-02T18:55:20","modified_gmt":"2026-03-02T17:55:20","slug":"bio-hafer-kekse-haselnuesse-kakao","status":"publish","type":"product","link":"https:\/\/billysfarm.nl\/de\/shop\/bio-hafer-kekse-haselnuesse-kakao\/","title":{"rendered":"Bio Hafer Kekse Haseln\u00fcsse Kakao 175g"},"content":{"rendered":"<p>[et_pb_section fb_built=&#8220;1&#8243; _builder_version=&#8220;4.27.4&#8243; _module_preset=&#8220;default&#8220; global_colors_info=&#8220;{}&#8220;][et_pb_row _builder_version=&#8220;4.27.4&#8243; _module_preset=&#8220;default&#8220; global_colors_info=&#8220;{}&#8220;][et_pb_column type=&#8220;4_4&#8243; _builder_version=&#8220;4.27.4&#8243; _module_preset=&#8220;default&#8220; global_colors_info=&#8220;{}&#8220;][et_pb_wc_additional_info _builder_version=&#8220;4.27.4&#8243; _module_preset=&#8220;default&#8220; global_colors_info=&#8220;{}&#8220;][\/et_pb_wc_additional_info][\/et_pb_column][\/et_pb_row][\/et_pb_section]<\/p>\n","protected":false},"excerpt":{"rendered":"<p>Haferk\u00f6rner kombiniert mit Kokosbl\u00fctensirup und Hafersirup ist schon ein sehr sch\u00f6ner Grundteig, aber wenn man die Kombination aus ger\u00f6steten Haseln\u00fcssen, Schokoladenst\u00fcckchen und Kakaopulver hinzuf\u00fcgt, erh\u00e4lt man einen leckeren Keks mit dem Geschmack, den wir alle von Haselnusspaste kennen.<\/p>\n","protected":false},"featured_media":10686,"template":"","meta":{"_et_pb_use_builder":"on","_et_pb_old_content":"HAFER* 53% (Mehl* und Flocken*), Palm\u00f6l* (ungeh\u00e4rtet),\u00a0 Kokosbl\u00fcten Sirup*, HAFERsirup* 8%, HASELN\u00dcSSE* 6%, Schokolade* 4% (Kakaomassa*, Kokosbl\u00fcten Zucker*, Kakaobutter*), Kakaopulver* 1%, Backtriebmittel (Natriumbicarbonat). * = Bio\r\n\r\n<strong>Allergene<\/strong>\r\nKann GERSTE, ROGGEN, WEIZEN, MANDELN, MACADAMIAN\u00dcSSE, WALN\u00dcSSE, SESAM enthalten.","_et_gb_content_width":""},"product_brand":[],"product_cat":[291,1592,1593,1589],"product_tag":[1554,1603,1555,1556,1599,1543],"class_list":{"0":"post-5873","1":"product","2":"type-product","3":"status-publish","4":"has-post-thumbnail","6":"product_cat-hafer","7":"product_cat-nuesse","8":"product_cat-schokolade","9":"product_cat-vegan-kekse","10":"product_tag-bio","11":"product_tag-kekse-eigenmarke","12":"product_tag-natuerlich-gesuesst-mit-frucht-und-getreidesirup","13":"product_tag-pflanzlich","14":"product_tag-private-label-kekse","15":"product_tag-vegan","17":"first","18":"instock","19":"taxable","20":"shipping-taxable","21":"purchasable","22":"product-type-simple"},"_links":{"self":[{"href":"https:\/\/billysfarm.nl\/de\/wp-json\/wp\/v2\/product\/5873","targetHints":{"allow":["GET"]}}],"collection":[{"href":"https:\/\/billysfarm.nl\/de\/wp-json\/wp\/v2\/product"}],"about":[{"href":"https:\/\/billysfarm.nl\/de\/wp-json\/wp\/v2\/types\/product"}],"wp:featuredmedia":[{"embeddable":true,"href":"https:\/\/billysfarm.nl\/de\/wp-json\/wp\/v2\/media\/10686"}],"wp:attachment":[{"href":"https:\/\/billysfarm.nl\/de\/wp-json\/wp\/v2\/media?parent=5873"}],"wp:term":[{"taxonomy":"product_brand","embeddable":true,"href":"https:\/\/billysfarm.nl\/de\/wp-json\/wp\/v2\/product_brand?post=5873"},{"taxonomy":"product_cat","embeddable":true,"href":"https:\/\/billysfarm.nl\/de\/wp-json\/wp\/v2\/product_cat?post=5873"},{"taxonomy":"product_tag","embeddable":true,"href":"https:\/\/billysfarm.nl\/de\/wp-json\/wp\/v2\/product_tag?post=5873"}],"curies":[{"name":"wp","href":"https:\/\/api.w.org\/{rel}","templated":true}]}}