{"id":43,"date":"2021-03-04T18:50:49","date_gmt":"2021-03-04T18:50:49","guid":{"rendered":"https:\/\/billysfarmnieuw.beveiligdeserver.nl\/boutique\/"},"modified":"2026-03-31T14:28:04","modified_gmt":"2026-03-31T12:28:04","slug":"boutique-bio-vegan-biscuits","status":"publish","type":"page","link":"https:\/\/billysfarm.nl\/fr\/boutique-bio-vegan-biscuits\/","title":{"rendered":"Shop"},"content":{"rendered":"<p>[et_pb_section fb_built=\u00a0\u00bb1&Prime; _builder_version=\u00a0\u00bb4.16&Prime; _module_preset=\u00a0\u00bbdefault\u00a0\u00bb min_height=\u00a0\u00bb1332.5px\u00a0\u00bb custom_padding=\u00a0\u00bb||31px|||\u00a0\u00bb global_colors_info=\u00a0\u00bb{}\u00a0\u00bb][et_pb_row _builder_version=\u00a0\u00bb4.16&Prime; _module_preset=\u00a0\u00bbdefault\u00a0\u00bb global_colors_info=\u00a0\u00bb{}\u00a0\u00bb][et_pb_column type=\u00a0\u00bb4_4&Prime; _builder_version=\u00a0\u00bb4.16&Prime; _module_preset=\u00a0\u00bbdefault\u00a0\u00bb global_colors_info=\u00a0\u00bb{}\u00a0\u00bb][et_pb_text _builder_version=\u00a0\u00bb4.27.4&Prime; _module_preset=\u00a0\u00bbdefault\u00a0\u00bb custom_padding=\u00a0\u00bb1px|||||\u00a0\u00bb global_colors_info=\u00a0\u00bb{}\u00a0\u00bb]<\/p>\n<h2 style=\"text-align: center;\">Commander en ligne<\/h2>\n<h5 style=\"text-align: center;\"><span style=\"color: #95a668;\">Livraison gratuite \u00e0 partir de \u20ac 50,- INCL. T.V.A. <\/span><span style=\"color: #95a668;\">LIVRAISON EN NL, BE &amp; DE<\/span><\/h5>\n<p>[\/et_pb_text][et_pb_text content_tablet=\u00a0\u00bb<\/p>\n<h6 class=%22tw-data-text tw-text-large tw-ta%22 data-placeholder=%22Vertaling%22 id=%22tw-target-text%22 dir=%22ltr%22><span class=%22Y2IQFc%22 lang=%22fr%22>Devenir un point de vente ? Cliquez sur <a href=%22https:\/\/billsnatuurbakkerij.brincr.com\/portal\/billsnatuurbakkerij?mail=%22 title=%22mon compte B2B%22><span style=%22text-decoration: underline;%22>mon compte B2B<\/span><\/a> et enregistrez-vous en tant que magasin, grossiste ou autre point de vente.<\/span><\/h6>\n<p>\u00a0\u00bb content_phone=\u00a0\u00bb<\/p>\n<h6 class=%22tw-data-text tw-text-large tw-ta%22 data-placeholder=%22Vertaling%22 id=%22tw-target-text%22 dir=%22ltr%22><span class=%22Y2IQFc%22 lang=%22fr%22>Devenir un point de vente ? Cliquez sur <a href=%22https:\/\/billsnatuurbakkerij.brincr.com\/portal\/billsnatuurbakkerij?mail=%22 title=%22mon compte B2B%22><span style=%22text-decoration: underline;%22>mon compte B2B<\/span><\/a> et enregistrez-vous en tant que magasin, grossiste ou autre point de vente.<\/span><\/h6>\n<p>\u00a0\u00bb content_last_edited=\u00a0\u00bbon|phone\u00a0\u00bb _builder_version=\u00a0\u00bb4.27.4&Prime; _module_preset=\u00a0\u00bbdefault\u00a0\u00bb text_orientation=\u00a0\u00bbcenter\u00a0\u00bb custom_padding=\u00a0\u00bb1px|||||\u00a0\u00bb global_colors_info=\u00a0\u00bb{}\u00a0\u00bb]<\/p>\n<h6 class=\"tw-data-text tw-text-large tw-ta\" data-placeholder=\"Vertaling\" id=\"tw-target-text\" dir=\"ltr\"><span class=\"Y2IQFc\" lang=\"fr\">Devenir un point de vente ? Cliquez sur <a href=\"https:\/\/billsnatuurbakkerij.brincr.com\/uix\/portal\/billsnatuurbakkerij?mail=\" title=\"mon compte B2B\" target=\"_blank\" rel=\"noopener\"><span style=\"text-decoration: underline;\">mon compte B2B<\/span><\/a> et enregistrez-vous en tant que magasin, grossiste ou autre point de vente.<\/span><\/h6>\n<p>[\/et_pb_text][et_pb_button button_url=\u00a0\u00bbhttps:\/\/billsnatuurbakkerij.brincr.com\/uix\/portal\/billsnatuurbakkerij?mail=\u00a0\u00bb url_new_window=\u00a0\u00bbon\u00a0\u00bb button_text=\u00a0\u00bbMON COMPTE B2B\u00a0\u00bb button_alignment=\u00a0\u00bbcenter\u00a0\u00bb _builder_version=\u00a0\u00bb4.17.6&Prime; _module_preset=\u00a0\u00bbdefault\u00a0\u00bb global_colors_info=\u00a0\u00bb{}\u00a0\u00bb][\/et_pb_button][\/et_pb_column][\/et_pb_row][et_pb_row column_structure=\u00a0\u00bb1_4,3_4&Prime; disabled_on=\u00a0\u00bboff|off|off\u00a0\u00bb _builder_version=\u00a0\u00bb4.16&Prime; _module_preset=\u00a0\u00bbdefault\u00a0\u00bb custom_margin=\u00a0\u00bb|auto|-22px|auto||\u00a0\u00bb global_colors_info=\u00a0\u00bb{}\u00a0\u00bb][et_pb_column type=\u00a0\u00bb1_4&Prime; _builder_version=\u00a0\u00bb4.16&Prime; _module_preset=\u00a0\u00bbdefault\u00a0\u00bb global_colors_info=\u00a0\u00bb{}\u00a0\u00bb][et_pb_sidebar disabled_on=\u00a0\u00bbon|off|off\u00a0\u00bb _builder_version=\u00a0\u00bb4.16&Prime; _module_preset=\u00a0\u00bbdefault\u00a0\u00bb header_font_size=\u00a0\u00bb15px\u00a0\u00bb global_colors_info=\u00a0\u00bb{}\u00a0\u00bb][\/et_pb_sidebar][\/et_pb_column][et_pb_column type=\u00a0\u00bb3_4&Prime; _builder_version=\u00a0\u00bb4.16&Prime; _module_preset=\u00a0\u00bbdefault\u00a0\u00bb global_colors_info=\u00a0\u00bb{}\u00a0\u00bb][et_pb_shop type=\u00a0\u00bbbest_selling\u00a0\u00bb posts_number=\u00a0\u00bb50&Prime; _builder_version=\u00a0\u00bb4.19.5&Prime; _module_preset=\u00a0\u00bbdefault\u00a0\u00bb price_text_align=\u00a0\u00bbcenter\u00a0\u00bb text_orientation=\u00a0\u00bbcenter\u00a0\u00bb global_colors_info=\u00a0\u00bb{}\u00a0\u00bb][\/et_pb_shop][\/et_pb_column][\/et_pb_row][\/et_pb_section][et_pb_section fb_built=\u00a0\u00bb1&Prime; _builder_version=\u00a0\u00bb4.16&Prime; _module_preset=\u00a0\u00bbdefault\u00a0\u00bb background_color=\u00a0\u00bb#f9f9f9&Prime; min_height=\u00a0\u00bb387.7px\u00a0\u00bb custom_margin=\u00a0\u00bb-10px|||||\u00a0\u00bb custom_padding=\u00a0\u00bb||35px|||\u00a0\u00bb global_colors_info=\u00a0\u00bb{}\u00a0\u00bb][et_pb_row _builder_version=\u00a0\u00bb4.16&Prime; _module_preset=\u00a0\u00bbdefault\u00a0\u00bb global_colors_info=\u00a0\u00bb{}\u00a0\u00bb][et_pb_column type=\u00a0\u00bb4_4&Prime; _builder_version=\u00a0\u00bb4.16&Prime; _module_preset=\u00a0\u00bbdefault\u00a0\u00bb global_colors_info=\u00a0\u00bb{}\u00a0\u00bb][et_pb_text _builder_version=\u00a0\u00bb4.17.6&Prime; _module_preset=\u00a0\u00bbdefault\u00a0\u00bb header_3_font_size=\u00a0\u00bb24px\u00a0\u00bb min_height=\u00a0\u00bb7px\u00a0\u00bb custom_margin=\u00a0\u00bb23px|||||\u00a0\u00bb global_colors_info=\u00a0\u00bb{}\u00a0\u00bb]<\/p>\n<h3 style=\"text-align: center;\">Pourquoi commander en ligne chez Billy&rsquo;s Farm ?<\/h3>\n<p>[\/et_pb_text][\/et_pb_column][\/et_pb_row][et_pb_row _builder_version=\u00a0\u00bb4.16&Prime; _module_preset=\u00a0\u00bbdefault\u00a0\u00bb custom_padding=\u00a0\u00bb0px||0px|||\u00a0\u00bb global_colors_info=\u00a0\u00bb{}\u00a0\u00bb][et_pb_column type=\u00a0\u00bb4_4&Prime; _builder_version=\u00a0\u00bb4.16&Prime; _module_preset=\u00a0\u00bbdefault\u00a0\u00bb global_colors_info=\u00a0\u00bb{}\u00a0\u00bb][et_pb_text disabled_on=\u00a0\u00bbon|on|off\u00a0\u00bb _builder_version=\u00a0\u00bb4.27.4&Prime; _module_preset=\u00a0\u00bbdefault\u00a0\u00bb header_6_font_size=\u00a0\u00bb16px\u00a0\u00bb width=\u00a0\u00bb100%\u00a0\u00bb custom_margin=\u00a0\u00bb-17px|-576px||-50px||\u00a0\u00bb custom_padding=\u00a0\u00bb0px|0px||292px||\u00a0\u00bb global_colors_info=\u00a0\u00bb{}\u00a0\u00bb]<\/p>\n<ul>\n<li>\n<h6>Nouveau bouillon quotidien.<\/h6>\n<\/li>\n<li>\n<h6>Remise sur la bo\u00eete.<\/h6>\n<\/li>\n<li>\n<h6>Command\u00e9 frais aujourd&rsquo;hui = livr\u00e9 frais demain.<\/h6>\n<\/li>\n<li>\n<h6>Enti\u00e8rement biologique et v\u00e9g\u00e9tal (Vegan).<\/h6>\n<\/li>\n<li>\n<h6>Emball\u00e9 de mani\u00e8re durable avec des mat\u00e9riaux d&#8217;emballage usag\u00e9s \u00e0 partir de mati\u00e8res premi\u00e8res.<\/h6>\n<\/li>\n<\/ul>\n<p>[\/et_pb_text][et_pb_text disabled_on=\u00a0\u00bboff|off|on\u00a0\u00bb _builder_version=\u00a0\u00bb4.27.4&Prime; _module_preset=\u00a0\u00bbdefault\u00a0\u00bb width=\u00a0\u00bb100%\u00a0\u00bb custom_margin=\u00a0\u00bb-17px|-576px||1px||\u00a0\u00bb custom_padding=\u00a0\u00bb0px|0px||9px||\u00a0\u00bb hover_enabled=\u00a0\u00bb0&Prime; global_colors_info=\u00a0\u00bb{}\u00a0\u00bb sticky_enabled=\u00a0\u00bb0&Prime;]<\/p>\n<ul>\n<li>Nouveau bouillon quotidien.<\/li>\n<li>Remise sur la bo\u00eete.<\/li>\n<li>Command\u00e9 frais aujourd&rsquo;hui = livr\u00e9 frais demain.<\/li>\n<li>Enti\u00e8rement biologique et v\u00e9g\u00e9tal (Vegan).<\/li>\n<li>Emball\u00e9 de mani\u00e8re durable avec des mat\u00e9riaux d&#8217;emballage usag\u00e9s \u00e0 partir de mati\u00e8res premi\u00e8res.<\/li>\n<\/ul>\n<p>[\/et_pb_text][\/et_pb_column][\/et_pb_row][\/et_pb_section][et_pb_section fb_built=\u00a0\u00bb1&Prime; _builder_version=\u00a0\u00bb4.16&Prime; _module_preset=\u00a0\u00bbdefault\u00a0\u00bb custom_margin=\u00a0\u00bb-17px|||||\u00a0\u00bb global_colors_info=\u00a0\u00bb{}\u00a0\u00bb][et_pb_row column_structure=\u00a0\u00bb1_2,1_2&Prime; _builder_version=\u00a0\u00bb4.16&Prime; _module_preset=\u00a0\u00bbdefault\u00a0\u00bb custom_padding=\u00a0\u00bb31px|||||\u00a0\u00bb global_colors_info=\u00a0\u00bb{}\u00a0\u00bb][et_pb_column type=\u00a0\u00bb1_2&Prime; _builder_version=\u00a0\u00bb4.16&Prime; _module_preset=\u00a0\u00bbdefault\u00a0\u00bb global_colors_info=\u00a0\u00bb{}\u00a0\u00bb][et_pb_image src=\u00a0\u00bbhttps:\/\/billysfarm.nl\/wp-content\/uploads\/2021\/03\/Catalogus_NL.jpg\u00a0\u00bb title_text=\u00a0\u00bbCatalogue_FR\u00a0\u00bb url=\u00a0\u00bbhttps:\/\/billysfarm.nl\/wp-content\/uploads\/2024\/04\/Folder_Billys-Farm_FR_2024-1.pdf\u00a0\u00bb url_new_window=\u00a0\u00bbon\u00a0\u00bb disabled_on=\u00a0\u00bbon|off|off\u00a0\u00bb _builder_version=\u00a0\u00bb4.24.2&Prime; _module_preset=\u00a0\u00bbdefault\u00a0\u00bb width=\u00a0\u00bb74%\u00a0\u00bb module_alignment=\u00a0\u00bbright\u00a0\u00bb global_colors_info=\u00a0\u00bb{}\u00a0\u00bb][\/et_pb_image][et_pb_image src=\u00a0\u00bbhttps:\/\/billysfarm.nl\/wp-content\/uploads\/2021\/03\/Catalogus_NL.jpg\u00a0\u00bb title_text=\u00a0\u00bbCatalogue_FR\u00a0\u00bb url=\u00a0\u00bbhttps:\/\/billysfarm.nl\/wp-content\/uploads\/2024\/04\/Folder_Billys-Farm_FR_2024-1.pdf\u00a0\u00bb url_new_window=\u00a0\u00bbon\u00a0\u00bb disabled_on=\u00a0\u00bboff|on|on\u00a0\u00bb _builder_version=\u00a0\u00bb4.24.2&Prime; _module_preset=\u00a0\u00bbdefault\u00a0\u00bb width=\u00a0\u00bb100%\u00a0\u00bb module_alignment=\u00a0\u00bbright\u00a0\u00bb custom_margin=\u00a0\u00bb|||71px||\u00a0\u00bb global_colors_info=\u00a0\u00bb{}\u00a0\u00bb][\/et_pb_image][\/et_pb_column][et_pb_column type=\u00a0\u00bb1_2&Prime; _builder_version=\u00a0\u00bb4.16&Prime; _module_preset=\u00a0\u00bbdefault\u00a0\u00bb global_colors_info=\u00a0\u00bb{}\u00a0\u00bb][et_pb_text _builder_version=\u00a0\u00bb4.16&Prime; _module_preset=\u00a0\u00bbdefault\u00a0\u00bb custom_margin=\u00a0\u00bb43px|||||\u00a0\u00bb global_colors_info=\u00a0\u00bb{}\u00a0\u00bb]<\/p>\n<h4>Catalogue de PRODUITS<\/h4>\n<p><span>D\u00e9couvrez les d\u00e9licieux biscuits bio de Billy&rsquo;s Farm dans notre catalogue d&rsquo;assortiment ! Un aper\u00e7u de tous nos produits, avec des photos et des informations sur les biscuits de Billy&rsquo;s Farm. <\/span><\/p>\n<p>[\/et_pb_text][et_pb_button button_url=\u00a0\u00bbhttps:\/\/billysfarm.nl\/wp-content\/uploads\/2024\/04\/Folder_Billys-Farm_FR_2024-1.pdf\u00a0\u00bb url_new_window=\u00a0\u00bbon\u00a0\u00bb button_text=\u00a0\u00bbVoir le catalogue\u00a0\u00bb _builder_version=\u00a0\u00bb4.24.2&Prime; _module_preset=\u00a0\u00bbdefault\u00a0\u00bb custom_button=\u00a0\u00bbon\u00a0\u00bb button_text_size=\u00a0\u00bb14px\u00a0\u00bb custom_margin=\u00a0\u00bb-9px|||||\u00a0\u00bb global_colors_info=\u00a0\u00bb{}\u00a0\u00bb][\/et_pb_button][\/et_pb_column][\/et_pb_row][\/et_pb_section]<\/p>\n","protected":false},"excerpt":{"rendered":"<p>Commander en ligne Livraison gratuite \u00e0 partir de \u20ac 50,- INCL. T.V.A. LIVRAISON EN NL, BE &amp; DEDevenir un point de vente ? Cliquez sur mon compte B2B et enregistrez-vous en tant que magasin, grossiste ou autre point de vente.Pourquoi commander en ligne chez Billy&rsquo;s Farm ? Nouveau bouillon quotidien. Remise sur la bo\u00eete. Command\u00e9 [&hellip;]<\/p>\n","protected":false},"author":1,"featured_media":0,"parent":0,"menu_order":0,"comment_status":"closed","ping_status":"closed","template":"","meta":{"_et_pb_use_builder":"on","_et_pb_old_content":"","_et_gb_content_width":"","footnotes":""},"class_list":["post-43","page","type-page","status-publish","hentry"],"_links":{"self":[{"href":"https:\/\/billysfarm.nl\/fr\/wp-json\/wp\/v2\/pages\/43","targetHints":{"allow":["GET"]}}],"collection":[{"href":"https:\/\/billysfarm.nl\/fr\/wp-json\/wp\/v2\/pages"}],"about":[{"href":"https:\/\/billysfarm.nl\/fr\/wp-json\/wp\/v2\/types\/page"}],"author":[{"embeddable":true,"href":"https:\/\/billysfarm.nl\/fr\/wp-json\/wp\/v2\/users\/1"}],"replies":[{"embeddable":true,"href":"https:\/\/billysfarm.nl\/fr\/wp-json\/wp\/v2\/comments?post=43"}],"version-history":[{"count":4,"href":"https:\/\/billysfarm.nl\/fr\/wp-json\/wp\/v2\/pages\/43\/revisions"}],"predecessor-version":[{"id":10823,"href":"https:\/\/billysfarm.nl\/fr\/wp-json\/wp\/v2\/pages\/43\/revisions\/10823"}],"wp:attachment":[{"href":"https:\/\/billysfarm.nl\/fr\/wp-json\/wp\/v2\/media?parent=43"}],"curies":[{"name":"wp","href":"https:\/\/api.w.org\/{rel}","templated":true}]}}