{"id":1613,"date":"2021-11-19T14:10:21","date_gmt":"2021-11-19T14:10:21","guid":{"rendered":"https:\/\/billysfarm.nl\/shop\/spelt-koekpakket\/"},"modified":"2024-02-26T12:52:55","modified_gmt":"2024-02-26T12:52:55","slug":"paquet-biscuits-epeautre","status":"publish","type":"product","link":"https:\/\/billysfarm.nl\/fr\/shop\/paquet-biscuits-epeautre\/","title":{"rendered":"Bio Paquet de biscuits \u00e0 l&rsquo;\u00e9peautre"},"content":{"rendered":"<p>[et_pb_section fb_built=\u00a0\u00bb1&Prime; theme_builder_area=\u00a0\u00bbpost_content\u00a0\u00bb _builder_version=\u00a0\u00bb4.24.0&Prime; _module_preset=\u00a0\u00bbdefault\u00a0\u00bb][\/et_pb_section]<\/p>\n","protected":false},"excerpt":{"rendered":"<p>1x175g <a href=\"https:\/\/billysfarm.nl\/fr\/shop\/bio-biscuits-pommes-canneberges-175g\/\">Biscuits Pommes &amp; Canneberges<\/a><br \/>\n1x175g <a href=\"https:\/\/billysfarm.nl\/fr\/shop\/bio-biscuits-gingembre-noix-175g\/\">Biscuits Gingembre &amp; Noix<\/a><br \/>\n1x175g <a href=\"https:\/\/billysfarm.nl\/fr\/shop\/bio-speculoos-epeautre-175g\/\">Sp\u00e9culoos Epeautre<\/a><br \/>\n1x300g <a href=\"https:\/\/billysfarm.nl\/fr\/shop\/bio-gaufres-sirop-depeautre-300g\/\">Bio Gaufres Sirop d\u2019\u00e9peautre<\/a><br \/>\n3x50g <a href=\"https:\/\/billysfarm.nl\/fr\/shop\/bio-biscuit-epeautre-aux-fruits-50g\/\">Biscuit \u00c9peautre aux Fruit<\/a><br \/>\n3x50g <a href=\"https:\/\/billysfarm.nl\/fr\/shop\/bio-biscuit-epeautre-aux-amandes\/\">Biscuit \u00c9peautre aux Amandes<\/a><\/p>\n<p>Paquet de biscuits et gaufres pr\u00e9par\u00e9s uniquement avec des grains d&rsquo;\u00e9peautre.<br \/>\nSurtout pour ceux qui pr\u00e9f\u00e8rent \u00e9viter les grains de bl\u00e9.<br \/>\n<em>Faites attention; d&rsquo;autres c\u00e9r\u00e9ales, dont le bl\u00e9, sont transform\u00e9es en boulangerie, ce qui peut entra\u00eener une contamination crois\u00e9e.<\/em><br \/>\n<em>Bien s\u00fbr, cela est trait\u00e9 avec beaucoup de soin.<\/em><\/p>\n","protected":false},"featured_media":1975,"template":"","meta":{"_et_pb_use_builder":"on","_et_pb_old_content":"","_et_gb_content_width":""},"product_brand":[],"product_cat":[1581,294,1587,1585,1582,1584],"product_tag":[1550,1602,1598,1553,1541,1552],"class_list":{"0":"post-1613","1":"product","2":"type-product","3":"status-publish","4":"has-post-thumbnail","6":"product_cat-biscuits-vegetaliens","7":"product_cat-epeautre","8":"product_cat-epice-neerlandais","9":"product_cat-fruits","10":"product_cat-gaufres-au-sirop-vegetaliens","11":"product_cat-noix","12":"product_tag-bio","13":"product_tag-biscuits-marque-de-distributeur-mdd","14":"product_tag-biscuits-marque-de-distributeur","15":"product_tag-sucre-naturellement-avec-du-sirop-de-fruits-et-de-cereales","16":"product_tag-vegan","17":"product_tag-vegetal","19":"first","20":"instock","21":"sale","22":"taxable","23":"shipping-taxable","24":"purchasable","25":"product-type-simple"},"_links":{"self":[{"href":"https:\/\/billysfarm.nl\/fr\/wp-json\/wp\/v2\/product\/1613","targetHints":{"allow":["GET"]}}],"collection":[{"href":"https:\/\/billysfarm.nl\/fr\/wp-json\/wp\/v2\/product"}],"about":[{"href":"https:\/\/billysfarm.nl\/fr\/wp-json\/wp\/v2\/types\/product"}],"wp:featuredmedia":[{"embeddable":true,"href":"https:\/\/billysfarm.nl\/fr\/wp-json\/wp\/v2\/media\/1975"}],"wp:attachment":[{"href":"https:\/\/billysfarm.nl\/fr\/wp-json\/wp\/v2\/media?parent=1613"}],"wp:term":[{"taxonomy":"product_brand","embeddable":true,"href":"https:\/\/billysfarm.nl\/fr\/wp-json\/wp\/v2\/product_brand?post=1613"},{"taxonomy":"product_cat","embeddable":true,"href":"https:\/\/billysfarm.nl\/fr\/wp-json\/wp\/v2\/product_cat?post=1613"},{"taxonomy":"product_tag","embeddable":true,"href":"https:\/\/billysfarm.nl\/fr\/wp-json\/wp\/v2\/product_tag?post=1613"}],"curies":[{"name":"wp","href":"https:\/\/api.w.org\/{rel}","templated":true}]}}