{"id":4301,"date":"2022-09-26T13:45:42","date_gmt":"2022-09-26T13:45:42","guid":{"rendered":"https:\/\/billysfarm.nl\/?post_type=product&#038;p=4301"},"modified":"2022-11-10T09:40:49","modified_gmt":"2022-11-10T09:40:49","slug":"affichage-biscuits-avoine-billysfarm","status":"publish","type":"product","link":"https:\/\/billysfarm.nl\/fr\/shop\/affichage-biscuits-avoine-billysfarm\/","title":{"rendered":"Affichage Biscuits avoine Billy&rsquo;s Farm"},"content":{"rendered":"<p>[et_pb_section fb_built=\u00a0\u00bb1&Prime; _builder_version=\u00a0\u00bb4.16&Prime; min_height=\u00a0\u00bb987.4px\u00a0\u00bb custom_margin=\u00a0\u00bb-3px|||||\u00a0\u00bb custom_padding=\u00a0\u00bb0px||||false|false\u00a0\u00bb global_colors_info=\u00a0\u00bb{}\u00a0\u00bb][et_pb_row _builder_version=\u00a0\u00bb4.16&Prime; background_size=\u00a0\u00bbinitial\u00a0\u00bb background_position=\u00a0\u00bbtop_left\u00a0\u00bb background_repeat=\u00a0\u00bbrepeat\u00a0\u00bb width=\u00a0\u00bb100%\u00a0\u00bb custom_padding=\u00a0\u00bb0px||0px||false|false\u00a0\u00bb global_colors_info=\u00a0\u00bb{}\u00a0\u00bb][et_pb_column type=\u00a0\u00bb4_4&Prime; _builder_version=\u00a0\u00bb4.16&Prime; custom_padding=\u00a0\u00bb|||\u00a0\u00bb global_colors_info=\u00a0\u00bb{}\u00a0\u00bb custom_padding__hover=\u00a0\u00bb|||\u00a0\u00bb][et_pb_wc_breadcrumb breadcrumb_home_text=\u00a0\u00bbHome\u00a0\u00bb _builder_version=\u00a0\u00bb4.16&Prime; min_height=\u00a0\u00bb41px\u00a0\u00bb custom_margin=\u00a0\u00bb||16px|||\u00a0\u00bb custom_padding=\u00a0\u00bb41px|||||\u00a0\u00bb global_colors_info=\u00a0\u00bb{}\u00a0\u00bb][\/et_pb_wc_breadcrumb][et_pb_wc_cart_notice _builder_version=\u00a0\u00bb4.16&Prime; title_font_size=\u00a0\u00bb15px\u00a0\u00bb title_line_height=\u00a0\u00bb1.9em\u00a0\u00bb custom_button=\u00a0\u00bbon\u00a0\u00bb button_text_size=\u00a0\u00bb13px\u00a0\u00bb button_text_color=\u00a0\u00bb#3f3f3f\u00a0\u00bb button_bg_color=\u00a0\u00bb#ffffff\u00a0\u00bb button_custom_margin=\u00a0\u00bb|40px|15px||false|false\u00a0\u00bb min_height=\u00a0\u00bb22px\u00a0\u00bb custom_padding=\u00a0\u00bb15px|15px|0px|15px|false|false\u00a0\u00bb body_font_size=\u00a0\u00bb15px\u00a0\u00bb body_line_height=\u00a0\u00bb1.9em\u00a0\u00bb global_colors_info=\u00a0\u00bb{}\u00a0\u00bb][\/et_pb_wc_cart_notice][\/et_pb_column][\/et_pb_row][et_pb_row column_structure=\u00a0\u00bb1_2,1_2&Prime; _builder_version=\u00a0\u00bb4.16&Prime; background_size=\u00a0\u00bbinitial\u00a0\u00bb background_position=\u00a0\u00bbtop_left\u00a0\u00bb background_repeat=\u00a0\u00bbrepeat\u00a0\u00bb width=\u00a0\u00bb100%\u00a0\u00bb custom_padding=\u00a0\u00bb0px||||false|false\u00a0\u00bb global_colors_info=\u00a0\u00bb{}\u00a0\u00bb][et_pb_column type=\u00a0\u00bb1_2&Prime; _builder_version=\u00a0\u00bb4.16&Prime; custom_padding=\u00a0\u00bb|||\u00a0\u00bb global_colors_info=\u00a0\u00bb{}\u00a0\u00bb custom_padding__hover=\u00a0\u00bb|||\u00a0\u00bb][et_pb_wc_images _builder_version=\u00a0\u00bb4.16&Prime; custom_padding=\u00a0\u00bb|92px||||\u00a0\u00bb global_colors_info=\u00a0\u00bb{}\u00a0\u00bb][\/et_pb_wc_images][\/et_pb_column][et_pb_column type=\u00a0\u00bb1_2&Prime; _builder_version=\u00a0\u00bb4.16&Prime; custom_padding=\u00a0\u00bb|||\u00a0\u00bb global_colors_info=\u00a0\u00bb{}\u00a0\u00bb custom_padding__hover=\u00a0\u00bb|||\u00a0\u00bb][et_pb_wc_title _builder_version=\u00a0\u00bb4.16&Prime; header_level=\u00a0\u00bbh2&Prime; width=\u00a0\u00bb70.8%\u00a0\u00bb custom_margin=\u00a0\u00bb||16px|||\u00a0\u00bb custom_padding=\u00a0\u00bb46px|0px||||\u00a0\u00bb global_colors_info=\u00a0\u00bb{}\u00a0\u00bb][\/et_pb_wc_title][et_pb_wc_price _builder_version=\u00a0\u00bb4.16&Prime; body_font_size=\u00a0\u00bb20px\u00a0\u00bb global_colors_info=\u00a0\u00bb{}\u00a0\u00bb][\/et_pb_wc_price][et_pb_wc_description _builder_version=\u00a0\u00bb4.16&Prime; min_height=\u00a0\u00bb74px\u00a0\u00bb custom_margin=\u00a0\u00bb-8px||15px|||\u00a0\u00bb custom_padding=\u00a0\u00bb0px|84px||||\u00a0\u00bb global_colors_info=\u00a0\u00bb{}\u00a0\u00bb][\/et_pb_wc_description][et_pb_wc_add_to_cart _builder_version=\u00a0\u00bb4.17.6&Prime; fields_background_color=\u00a0\u00bb#f9f9f9&Prime; fields_text_color=\u00a0\u00bb#000000&Prime; fields_font_size=\u00a0\u00bb13px\u00a0\u00bb width=\u00a0\u00bb76.3%\u00a0\u00bb min_height=\u00a0\u00bb18px\u00a0\u00bb custom_margin=\u00a0\u00bb-3px|121px||1px|false|false\u00a0\u00bb custom_padding=\u00a0\u00bb||5px|0px||\u00a0\u00bb global_colors_info=\u00a0\u00bb{}\u00a0\u00bb][\/et_pb_wc_add_to_cart][\/et_pb_column][\/et_pb_row][et_pb_row _builder_version=\u00a0\u00bb4.16&Prime; background_size=\u00a0\u00bbinitial\u00a0\u00bb background_position=\u00a0\u00bbtop_left\u00a0\u00bb background_repeat=\u00a0\u00bbrepeat\u00a0\u00bb width=\u00a0\u00bb100%\u00a0\u00bb custom_padding=\u00a0\u00bb|1px||||\u00a0\u00bb global_colors_info=\u00a0\u00bb{}\u00a0\u00bb][et_pb_column type=\u00a0\u00bb4_4&Prime; _builder_version=\u00a0\u00bb4.16&Prime; background_color=\u00a0\u00bb#f9f9f9&Prime; custom_padding=\u00a0\u00bb|||\u00a0\u00bb global_colors_info=\u00a0\u00bb{}\u00a0\u00bb custom_padding__hover=\u00a0\u00bb|||\u00a0\u00bb][et_pb_wc_tabs active_tab_background_color=\u00a0\u00bb#ffffff\u00a0\u00bb inactive_tab_background_color=\u00a0\u00bb#032b35&Prime; active_tab_text_color=\u00a0\u00bb#000000&Prime; include_tabs=\u00a0\u00bb|reviews\u00a0\u00bb include_tabs_tablet=\u00a0\u00bb|reviews\u00a0\u00bb include_tabs_phone=\u00a0\u00bb|reviews\u00a0\u00bb include_tabs_last_edited=\u00a0\u00bbon|phone\u00a0\u00bb _builder_version=\u00a0\u00bb4.17.6&Prime; tab_text_color=\u00a0\u00bb#ffffff\u00a0\u00bb body_text_align=\u00a0\u00bbleft\u00a0\u00bb body_font_size=\u00a0\u00bb13px\u00a0\u00bb body_line_height=\u00a0\u00bb1.4em\u00a0\u00bb tab_font=\u00a0\u00bbJosefin Sans|||on|||||\u00a0\u00bb tab_font_size=\u00a0\u00bb13px\u00a0\u00bb background_color=\u00a0\u00bbrgba(0,0,0,0)\u00a0\u00bb width=\u00a0\u00bb100%\u00a0\u00bb max_width=\u00a0\u00bb100%\u00a0\u00bb module_alignment=\u00a0\u00bbleft\u00a0\u00bb custom_margin=\u00a0\u00bb0px|144px|0px||false|false\u00a0\u00bb custom_padding=\u00a0\u00bb|258px|20px||false|false\u00a0\u00bb border_width_all=\u00a0\u00bb0px\u00a0\u00bb border_color_all=\u00a0\u00bb#055055&Prime; border_style_right=\u00a0\u00bbsolid\u00a0\u00bb global_colors_info=\u00a0\u00bb{}\u00a0\u00bb body_font_size__hover_enabled=\u00a0\u00bbon|desktop\u00a0\u00bb body_font_size__hover=\u00a0\u00bb13px\u00a0\u00bb] [\/et_pb_wc_tabs][\/et_pb_column][\/et_pb_row][et_pb_row _builder_version=\u00a0\u00bb4.16&Prime; _module_preset=\u00a0\u00bbdefault\u00a0\u00bb global_colors_info=\u00a0\u00bb{}\u00a0\u00bb][et_pb_column type=\u00a0\u00bb4_4&Prime; _builder_version=\u00a0\u00bb4.16&Prime; _module_preset=\u00a0\u00bbdefault\u00a0\u00bb global_colors_info=\u00a0\u00bb{}\u00a0\u00bb][et_pb_wc_related_products _builder_version=\u00a0\u00bb4.17.6&Prime; _module_preset=\u00a0\u00bbdefault\u00a0\u00bb hover_enabled=\u00a0\u00bb0&Prime; global_colors_info=\u00a0\u00bb{}\u00a0\u00bb title_font_size=\u00a0\u00bb20px\u00a0\u00bb title_font_size_last_edited=\u00a0\u00bbon|phone\u00a0\u00bb sticky_enabled=\u00a0\u00bb0&Prime; title_font_size_tablet=\u00a0\u00bb18px\u00a0\u00bb title_font_size_phone=\u00a0\u00bb16px\u00a0\u00bb product_title_font_size=\u00a0\u00bb14px\u00a0\u00bb product_title_font_size_last_edited=\u00a0\u00bbon|phone\u00a0\u00bb product_title_font_size_tablet=\u00a0\u00bb13px\u00a0\u00bb product_title_font_size_phone=\u00a0\u00bb12px\u00a0\u00bb][\/et_pb_wc_related_products][\/et_pb_column][\/et_pb_row][\/et_pb_section]<\/p>\n","protected":false},"excerpt":{"rendered":"<p><strong>Affichage Biscuits Avoine Billy&rsquo;s Farm<\/strong><\/p>\n<ul>\n<li>Biscuits Avoine aux Chocolat et Macadamia<\/li>\n<li>Biscuits Avoine aux M\u00fbre et Chanvre<\/li>\n<li>Biscuits Avoine aux Gingembre et Citron<\/li>\n<\/ul>\n<p>Si vous \u00eates un d\u00e9taillant, commandez gratuitement ce pr\u00e9sentoir dans votre magasin.<br \/>\nSi vous avez plusieurs magasins, commandez le nombre requis pour tous les magasins \u00e0 la fois.<\/p>\n<p><strong>Compl\u00e9tez la commande avec<\/strong><\/p>\n<ul>\n<li>m\u00e9thode d&rsquo;exp\u00e9dition : ramassage \u00e0 Drachten (de cette fa\u00e7on, vous \u00e9vitez les frais d&rsquo;exp\u00e9dition et nous enverrons le pr\u00e9sentoir \u00e0 l&rsquo;adresse indiqu\u00e9e)<\/li>\n<li>paiement : par virement bancaire (cependant, il n&rsquo;y aura pas de facture car l&rsquo;affichage est gratuit)<\/li>\n<\/ul>\n<p>Il est \u00e9galement possible d&rsquo;envoyer un e-mail \u00e0 info@billysfarm.nl avec vos coordonn\u00e9es et le nombre d&rsquo;affichages requis.<br \/>\nL&rsquo;affichage est livr\u00e9 sans g\u00e2teaux d&rsquo;avoine.<\/p>\n","protected":false},"featured_media":4315,"template":"","meta":{"_et_pb_use_builder":"on","_et_pb_old_content":"","_et_gb_content_width":""},"product_brand":[],"product_cat":[891],"product_tag":[],"class_list":{"0":"post-4301","1":"product","2":"type-product","3":"status-publish","4":"has-post-thumbnail","6":"product_cat-autres","8":"first","9":"instock","10":"taxable","11":"shipping-taxable","12":"purchasable","13":"product-type-simple"},"_links":{"self":[{"href":"https:\/\/billysfarm.nl\/fr\/wp-json\/wp\/v2\/product\/4301","targetHints":{"allow":["GET"]}}],"collection":[{"href":"https:\/\/billysfarm.nl\/fr\/wp-json\/wp\/v2\/product"}],"about":[{"href":"https:\/\/billysfarm.nl\/fr\/wp-json\/wp\/v2\/types\/product"}],"wp:featuredmedia":[{"embeddable":true,"href":"https:\/\/billysfarm.nl\/fr\/wp-json\/wp\/v2\/media\/4315"}],"wp:attachment":[{"href":"https:\/\/billysfarm.nl\/fr\/wp-json\/wp\/v2\/media?parent=4301"}],"wp:term":[{"taxonomy":"product_brand","embeddable":true,"href":"https:\/\/billysfarm.nl\/fr\/wp-json\/wp\/v2\/product_brand?post=4301"},{"taxonomy":"product_cat","embeddable":true,"href":"https:\/\/billysfarm.nl\/fr\/wp-json\/wp\/v2\/product_cat?post=4301"},{"taxonomy":"product_tag","embeddable":true,"href":"https:\/\/billysfarm.nl\/fr\/wp-json\/wp\/v2\/product_tag?post=4301"}],"curies":[{"name":"wp","href":"https:\/\/api.w.org\/{rel}","templated":true}]}}