{"id":5875,"date":"2023-02-14T12:24:29","date_gmt":"2023-02-14T12:24:29","guid":{"rendered":"https:\/\/billysfarm.nl\/?post_type=product&#038;p=5875"},"modified":"2026-03-10T18:08:14","modified_gmt":"2026-03-10T17:08:14","slug":"bio-biscuits-avoine-aux-noisettes-et-cacao","status":"publish","type":"product","link":"https:\/\/billysfarm.nl\/fr\/shop\/bio-biscuits-avoine-aux-noisettes-et-cacao\/","title":{"rendered":"Bio Biscuits avoine aux noisettes et cacao 175g"},"content":{"rendered":"<p>[et_pb_section fb_built=\u00a0\u00bb1&Prime; _builder_version=\u00a0\u00bb4.27.4&Prime; _module_preset=\u00a0\u00bbdefault\u00a0\u00bb global_colors_info=\u00a0\u00bb{}\u00a0\u00bb][et_pb_row _builder_version=\u00a0\u00bb4.27.4&Prime; _module_preset=\u00a0\u00bbdefault\u00a0\u00bb global_colors_info=\u00a0\u00bb{}\u00a0\u00bb][et_pb_column type=\u00a0\u00bb4_4&Prime; _builder_version=\u00a0\u00bb4.27.4&Prime; _module_preset=\u00a0\u00bbdefault\u00a0\u00bb global_colors_info=\u00a0\u00bb{}\u00a0\u00bb][et_pb_wc_additional_info _builder_version=\u00a0\u00bb4.27.4&Prime; _module_preset=\u00a0\u00bbdefault\u00a0\u00bb global_colors_info=\u00a0\u00bb{}\u00a0\u00bb][\/et_pb_wc_additional_info][\/et_pb_column][\/et_pb_row][\/et_pb_section]<\/p>\n","protected":false},"excerpt":{"rendered":"<p>Le grain d\u2019avoine associ\u00e9 au sirop de fleur de coco et au sirop d\u2019avoine est d\u00e9j\u00e0 une tr\u00e8s belle p\u00e2te de base, mais si vous ajoutez l\u2019association de noisettes torr\u00e9fi\u00e9es, de morceaux de chocolat et de poudre de cacao, vous obtenez un d\u00e9licieux cookie au go\u00fbt que l\u2019on conna\u00eet tous de la p\u00e2te de noisette.<\/p>\n","protected":false},"featured_media":10688,"template":"","meta":{"_et_pb_use_builder":"on","_et_pb_old_content":"AVOINE* 53% (farine* et flocons*), huile de palme* (non hydrog\u00e9n\u00e9e), sirop de noix de coco*, sirop d'AVOINE* 8%, NOISETTES* 6%, chocolat* 4% (masse de cacao*, sucre de fleur d'coco*, beurre de cacao*), poudre de cacao* 1%, poudre \u00e0 lever (bicarbonate de soude). * = biologique\r\n\r\n<strong>Allerg\u00e8nes<\/strong>\r\nPeut contenir ORGE, SEIGLE, BL\u00c9, AMANDES, NOIX DE MACADAMIA, NOIX, S\u00c9SAME.","_et_gb_content_width":""},"product_brand":[],"product_cat":[292,1581,1588,1584],"product_tag":[1550,1602,1598,1553,1541,1552],"class_list":{"0":"post-5875","1":"product","2":"type-product","3":"status-publish","4":"has-post-thumbnail","6":"product_cat-avoine","7":"product_cat-biscuits-vegetaliens","8":"product_cat-chocolat","9":"product_cat-noix","10":"product_tag-bio","11":"product_tag-biscuits-marque-de-distributeur-mdd","12":"product_tag-biscuits-marque-de-distributeur","13":"product_tag-sucre-naturellement-avec-du-sirop-de-fruits-et-de-cereales","14":"product_tag-vegan","15":"product_tag-vegetal","17":"first","18":"instock","19":"taxable","20":"shipping-taxable","21":"purchasable","22":"product-type-simple"},"_links":{"self":[{"href":"https:\/\/billysfarm.nl\/fr\/wp-json\/wp\/v2\/product\/5875","targetHints":{"allow":["GET"]}}],"collection":[{"href":"https:\/\/billysfarm.nl\/fr\/wp-json\/wp\/v2\/product"}],"about":[{"href":"https:\/\/billysfarm.nl\/fr\/wp-json\/wp\/v2\/types\/product"}],"wp:featuredmedia":[{"embeddable":true,"href":"https:\/\/billysfarm.nl\/fr\/wp-json\/wp\/v2\/media\/10688"}],"wp:attachment":[{"href":"https:\/\/billysfarm.nl\/fr\/wp-json\/wp\/v2\/media?parent=5875"}],"wp:term":[{"taxonomy":"product_brand","embeddable":true,"href":"https:\/\/billysfarm.nl\/fr\/wp-json\/wp\/v2\/product_brand?post=5875"},{"taxonomy":"product_cat","embeddable":true,"href":"https:\/\/billysfarm.nl\/fr\/wp-json\/wp\/v2\/product_cat?post=5875"},{"taxonomy":"product_tag","embeddable":true,"href":"https:\/\/billysfarm.nl\/fr\/wp-json\/wp\/v2\/product_tag?post=5875"}],"curies":[{"name":"wp","href":"https:\/\/api.w.org\/{rel}","templated":true}]}}