{"id":607,"date":"2021-04-09T11:56:54","date_gmt":"2021-04-09T11:56:54","guid":{"rendered":"https:\/\/billysfarmnieuw.beveiligdeserver.nl\/shop\/bio-biscuits-pommes-canneberges-175g\/"},"modified":"2026-03-10T18:08:12","modified_gmt":"2026-03-10T17:08:12","slug":"bio-biscuits-pommes-canneberges-175g","status":"publish","type":"product","link":"https:\/\/billysfarm.nl\/fr\/shop\/bio-biscuits-pommes-canneberges-175g\/","title":{"rendered":"Bio \u00c9peautre Biscuits Pommes &#038; Canneberges 175g"},"content":{"rendered":"<p>[et_pb_section fb_built=\u00a0\u00bb1&Prime; theme_builder_area=\u00a0\u00bbpost_content\u00a0\u00bb _builder_version=\u00a0\u00bb4.27.4&Prime; _module_preset=\u00a0\u00bbdefault\u00a0\u00bb][et_pb_row _builder_version=\u00a0\u00bb4.27.4&Prime; _module_preset=\u00a0\u00bbdefault\u00a0\u00bb theme_builder_area=\u00a0\u00bbpost_content\u00a0\u00bb][et_pb_column _builder_version=\u00a0\u00bb4.27.4&Prime; _module_preset=\u00a0\u00bbdefault\u00a0\u00bb type=\u00a0\u00bb4_4&Prime; theme_builder_area=\u00a0\u00bbpost_content\u00a0\u00bb][et_pb_wc_additional_info _builder_version=\u00a0\u00bb4.27.4&Prime; _module_preset=\u00a0\u00bbdefault\u00a0\u00bb theme_builder_area=\u00a0\u00bbpost_content\u00a0\u00bb hover_enabled=\u00a0\u00bb0&Prime; sticky_enabled=\u00a0\u00bb0&Prime;][\/et_pb_wc_additional_info][\/et_pb_column][\/et_pb_row][\/et_pb_section]<\/p>\n","protected":false},"excerpt":{"rendered":"<p>La combinaison de farine d\u2019\u00e9peautre, de flocons d\u2019avoine et de sirop de c\u00e9r\u00e9ales offre une p\u00e2te de base absolument d\u00e9licieuse. Lorsque vous affinez le tout avec des canneberges confites au jus de pommes concentr\u00e9, vous obtenez un d\u00e9licieux b\u00e2ton d\u2019\u00e9peautre. Les canneberges s\u2019associent parfaitement au sirop de pommes, au coco et aux flocons d\u2019avoine.<\/p>\n","protected":false},"featured_media":608,"template":"","meta":{"_et_pb_use_builder":"on","_et_pb_old_content":"Farine d'\u00e9peautre(BL\u00c9)compl\u00e8te* 32%, huile de palme* (non-hydrog\u00e9n\u00e9e), flocons d'AVOINE*, farine d'\u00e9peautre(BL\u00c9)* 11%, sirop d'riz*, jus d'pomme concentr\u00e9* 8%, canneberges sucr\u00e9es et s\u00e9ch\u00e9es* 7% (canneberges* 60%, jus de pomme concentr\u00e9 39%*, huile de tournesol*) sirop de malt de ma\u00efs*, noix de coco r\u00e2p\u00e9e*, sirop de malt d'ORGE*, poudre \u00e0 lever (bicarbonate de sodium), cannelle *, sel. * = biologique\r\n\r\n<strong>Allerg\u00e8nes<\/strong>\r\nPeut contenir SEIGLE, AMANDES, NOISETTES, NOIX DE MACADAMIA, NOIX, S\u00c9SAME.","_et_gb_content_width":""},"product_brand":[],"product_cat":[1581,294,1585],"product_tag":[1550,1602,1598,1553,1541,1552],"class_list":{"0":"post-607","1":"product","2":"type-product","3":"status-publish","4":"has-post-thumbnail","6":"product_cat-biscuits-vegetaliens","7":"product_cat-epeautre","8":"product_cat-fruits","9":"product_tag-bio","10":"product_tag-biscuits-marque-de-distributeur-mdd","11":"product_tag-biscuits-marque-de-distributeur","12":"product_tag-sucre-naturellement-avec-du-sirop-de-fruits-et-de-cereales","13":"product_tag-vegan","14":"product_tag-vegetal","16":"first","17":"instock","18":"taxable","19":"shipping-taxable","20":"purchasable","21":"product-type-simple"},"_links":{"self":[{"href":"https:\/\/billysfarm.nl\/fr\/wp-json\/wp\/v2\/product\/607","targetHints":{"allow":["GET"]}}],"collection":[{"href":"https:\/\/billysfarm.nl\/fr\/wp-json\/wp\/v2\/product"}],"about":[{"href":"https:\/\/billysfarm.nl\/fr\/wp-json\/wp\/v2\/types\/product"}],"wp:featuredmedia":[{"embeddable":true,"href":"https:\/\/billysfarm.nl\/fr\/wp-json\/wp\/v2\/media\/608"}],"wp:attachment":[{"href":"https:\/\/billysfarm.nl\/fr\/wp-json\/wp\/v2\/media?parent=607"}],"wp:term":[{"taxonomy":"product_brand","embeddable":true,"href":"https:\/\/billysfarm.nl\/fr\/wp-json\/wp\/v2\/product_brand?post=607"},{"taxonomy":"product_cat","embeddable":true,"href":"https:\/\/billysfarm.nl\/fr\/wp-json\/wp\/v2\/product_cat?post=607"},{"taxonomy":"product_tag","embeddable":true,"href":"https:\/\/billysfarm.nl\/fr\/wp-json\/wp\/v2\/product_tag?post=607"}],"curies":[{"name":"wp","href":"https:\/\/api.w.org\/{rel}","templated":true}]}}