{"id":617,"date":"2021-04-09T11:56:50","date_gmt":"2021-04-09T11:56:50","guid":{"rendered":"https:\/\/billysfarmnieuw.beveiligdeserver.nl\/shop\/bio-biscuits-au-muesli-250g\/"},"modified":"2026-03-10T18:08:11","modified_gmt":"2026-03-10T17:08:11","slug":"bio-biscuits-au-muesli-250g","status":"publish","type":"product","link":"https:\/\/billysfarm.nl\/fr\/shop\/bio-biscuits-au-muesli-250g\/","title":{"rendered":"Bio Biscuits au Muesli 250g"},"content":{"rendered":"<p>[et_pb_section fb_built=\u00a0\u00bb1&Prime; _builder_version=\u00a0\u00bb4.16&Prime; min_height=\u00a0\u00bb987.4px\u00a0\u00bb custom_margin=\u00a0\u00bb-3px|||||\u00a0\u00bb custom_padding=\u00a0\u00bb0px||||false|false\u00a0\u00bb global_colors_info=\u00a0\u00bb{}\u00a0\u00bb][et_pb_row _builder_version=\u00a0\u00bb4.16&Prime; background_size=\u00a0\u00bbinitial\u00a0\u00bb background_position=\u00a0\u00bbtop_left\u00a0\u00bb background_repeat=\u00a0\u00bbrepeat\u00a0\u00bb width=\u00a0\u00bb100%\u00a0\u00bb custom_padding=\u00a0\u00bb0px||0px||false|false\u00a0\u00bb global_colors_info=\u00a0\u00bb{}\u00a0\u00bb][et_pb_column type=\u00a0\u00bb4_4&Prime; _builder_version=\u00a0\u00bb4.16&Prime; custom_padding=\u00a0\u00bb|||\u00a0\u00bb global_colors_info=\u00a0\u00bb{}\u00a0\u00bb custom_padding__hover=\u00a0\u00bb|||\u00a0\u00bb][et_pb_wc_breadcrumb breadcrumb_home_text=\u00a0\u00bbHome\u00a0\u00bb _builder_version=\u00a0\u00bb4.7.4&Prime; min_height=\u00a0\u00bb41px\u00a0\u00bb custom_margin=\u00a0\u00bb||16px|||\u00a0\u00bb custom_padding=\u00a0\u00bb41px|||||\u00a0\u00bb][\/et_pb_wc_breadcrumb][et_pb_wc_cart_notice _builder_version=\u00a0\u00bb4.7.4&Prime; body_font_size=\u00a0\u00bb15px\u00a0\u00bb body_line_height=\u00a0\u00bb1.9em\u00a0\u00bb custom_button=\u00a0\u00bbon\u00a0\u00bb button_text_size=\u00a0\u00bb13px\u00a0\u00bb button_text_color=\u00a0\u00bb#3f3f3f\u00a0\u00bb button_bg_color=\u00a0\u00bb#ffffff\u00a0\u00bb button_custom_margin=\u00a0\u00bb|40px|15px||false|false\u00a0\u00bb min_height=\u00a0\u00bb22px\u00a0\u00bb custom_padding=\u00a0\u00bb15px|15px|0px|15px|false|false\u00a0\u00bb][\/et_pb_wc_cart_notice][\/et_pb_column][\/et_pb_row][et_pb_row column_structure=\u00a0\u00bb1_2,1_2&Prime; _builder_version=\u00a0\u00bb4.16&Prime; background_size=\u00a0\u00bbinitial\u00a0\u00bb background_position=\u00a0\u00bbtop_left\u00a0\u00bb background_repeat=\u00a0\u00bbrepeat\u00a0\u00bb width=\u00a0\u00bb100%\u00a0\u00bb custom_padding=\u00a0\u00bb0px||||false|false\u00a0\u00bb global_colors_info=\u00a0\u00bb{}\u00a0\u00bb][et_pb_column type=\u00a0\u00bb1_2&Prime; _builder_version=\u00a0\u00bb4.16&Prime; custom_padding=\u00a0\u00bb|||\u00a0\u00bb global_colors_info=\u00a0\u00bb{}\u00a0\u00bb custom_padding__hover=\u00a0\u00bb|||\u00a0\u00bb][et_pb_wc_images _builder_version=\u00a0\u00bb4.16&Prime; custom_padding=\u00a0\u00bb|92px||||\u00a0\u00bb global_colors_info=\u00a0\u00bb{}\u00a0\u00bb][\/et_pb_wc_images][\/et_pb_column][et_pb_column type=\u00a0\u00bb1_2&Prime; _builder_version=\u00a0\u00bb4.16&Prime; custom_padding=\u00a0\u00bb|||\u00a0\u00bb global_colors_info=\u00a0\u00bb{}\u00a0\u00bb custom_padding__hover=\u00a0\u00bb|||\u00a0\u00bb][et_pb_wc_title _builder_version=\u00a0\u00bb4.16&Prime; header_level=\u00a0\u00bbh2&Prime; width=\u00a0\u00bb70.8%\u00a0\u00bb custom_margin=\u00a0\u00bb||16px|||\u00a0\u00bb custom_padding=\u00a0\u00bb46px|0px||||\u00a0\u00bb global_colors_info=\u00a0\u00bb{}\u00a0\u00bb][\/et_pb_wc_title][et_pb_wc_price _builder_version=\u00a0\u00bb4.16&Prime; body_font_size=\u00a0\u00bb20px\u00a0\u00bb global_colors_info=\u00a0\u00bb{}\u00a0\u00bb][\/et_pb_wc_price][et_pb_wc_description _builder_version=\u00a0\u00bb4.16&Prime; min_height=\u00a0\u00bb74px\u00a0\u00bb custom_margin=\u00a0\u00bb-8px||15px|||\u00a0\u00bb custom_padding=\u00a0\u00bb0px|84px||||\u00a0\u00bb global_colors_info=\u00a0\u00bb{}\u00a0\u00bb][\/et_pb_wc_description][et_pb_image src=\u00a0\u00bbhttps:\/\/billysfarm.nl\/wp-content\/uploads\/2021\/04\/Bio-Vegan-RSPO.jpg\u00a0\u00bb title_text=\u00a0\u00bbBio-Vegan-RSPO\u00a0\u00bb _builder_version=\u00a0\u00bb4.16&Prime; _module_preset=\u00a0\u00bbdefault\u00a0\u00bb width=\u00a0\u00bb32%\u00a0\u00bb custom_margin=\u00a0\u00bb||20px|||\u00a0\u00bb custom_padding=\u00a0\u00bb||1px|1px||\u00a0\u00bb global_colors_info=\u00a0\u00bb{}\u00a0\u00bb][\/et_pb_image][et_pb_wc_add_to_cart _builder_version=\u00a0\u00bb4.16&Prime; fields_background_color=\u00a0\u00bb#f9f9f9&Prime; fields_text_color=\u00a0\u00bb#000000&Prime; fields_font_size=\u00a0\u00bb13px\u00a0\u00bb custom_button=\u00a0\u00bbon\u00a0\u00bb button_text_color=\u00a0\u00bb#ffffff\u00a0\u00bb button_bg_color=\u00a0\u00bb#f0b800&Prime; width=\u00a0\u00bb76.3%\u00a0\u00bb min_height=\u00a0\u00bb18px\u00a0\u00bb custom_margin=\u00a0\u00bb-3px|121px||1px|false|false\u00a0\u00bb custom_padding=\u00a0\u00bb||5px|0px||\u00a0\u00bb global_colors_info=\u00a0\u00bb{}\u00a0\u00bb][\/et_pb_wc_add_to_cart][\/et_pb_column][\/et_pb_row][et_pb_row _builder_version=\u00a0\u00bb4.16&Prime; background_size=\u00a0\u00bbinitial\u00a0\u00bb background_position=\u00a0\u00bbtop_left\u00a0\u00bb background_repeat=\u00a0\u00bbrepeat\u00a0\u00bb width=\u00a0\u00bb100%\u00a0\u00bb custom_padding=\u00a0\u00bb|1px||||\u00a0\u00bb global_colors_info=\u00a0\u00bb{}\u00a0\u00bb][et_pb_column type=\u00a0\u00bb4_4&Prime; _builder_version=\u00a0\u00bb4.16&Prime; background_color=\u00a0\u00bb#f9f9f9&Prime; custom_padding=\u00a0\u00bb|||\u00a0\u00bb global_colors_info=\u00a0\u00bb{}\u00a0\u00bb custom_padding__hover=\u00a0\u00bb|||\u00a0\u00bb][et_pb_wc_tabs active_tab_background_color=\u00a0\u00bb#ffffff\u00a0\u00bb inactive_tab_background_color=\u00a0\u00bb#032b35&Prime; active_tab_text_color=\u00a0\u00bb#000000&Prime; _builder_version=\u00a0\u00bb4.16&Prime; tab_text_color=\u00a0\u00bb#ffffff\u00a0\u00bb body_text_align=\u00a0\u00bbleft\u00a0\u00bb body_font_size=\u00a0\u00bb13px\u00a0\u00bb body_line_height=\u00a0\u00bb1.4em\u00a0\u00bb tab_font=\u00a0\u00bbJosefin Sans|||on|||||\u00a0\u00bb tab_font_size=\u00a0\u00bb13px\u00a0\u00bb background_color=\u00a0\u00bbrgba(0,0,0,0)\u00a0\u00bb width=\u00a0\u00bb100%\u00a0\u00bb max_width=\u00a0\u00bb100%\u00a0\u00bb module_alignment=\u00a0\u00bbleft\u00a0\u00bb custom_margin=\u00a0\u00bb0px|144px|0px||false|false\u00a0\u00bb custom_padding=\u00a0\u00bb|258px|20px||false|false\u00a0\u00bb border_width_all=\u00a0\u00bb0px\u00a0\u00bb border_color_all=\u00a0\u00bb#055055&Prime; border_style_right=\u00a0\u00bbsolid\u00a0\u00bb global_colors_info=\u00a0\u00bb{}\u00a0\u00bb body_font_size__hover_enabled=\u00a0\u00bbon|desktop\u00a0\u00bb body_font_size__hover=\u00a0\u00bb13px\u00a0\u00bb] [\/et_pb_wc_tabs][\/et_pb_column][\/et_pb_row][et_pb_row _builder_version=\u00a0\u00bb4.16&Prime; _module_preset=\u00a0\u00bbdefault\u00a0\u00bb global_colors_info=\u00a0\u00bb{}\u00a0\u00bb][et_pb_column type=\u00a0\u00bb4_4&Prime; _builder_version=\u00a0\u00bb4.16&Prime; _module_preset=\u00a0\u00bbdefault\u00a0\u00bb global_colors_info=\u00a0\u00bb{}\u00a0\u00bb][et_pb_wc_related_products _builder_version=\u00a0\u00bb4.16&Prime; _module_preset=\u00a0\u00bbdefault\u00a0\u00bb global_colors_info=\u00a0\u00bb{}\u00a0\u00bb][\/et_pb_wc_related_products][\/et_pb_column][\/et_pb_row][\/et_pb_section]<\/p>\n","protected":false},"excerpt":{"rendered":"<p>Un v\u00e9ritable biscuit complet, sucr\u00e9 au sirop de c\u00e9r\u00e9ales et d\u00e9licieusement rempli d\u2019une saveur naturelle.<\/p>\n","protected":false},"featured_media":618,"template":"","meta":{"_et_pb_use_builder":"on","_et_pb_old_content":"<p>Farine de BL\u00c9 compl\u00e8te*, huile de palme* (non-hydrog\u00e9n\u00e9e), flocons d'AVOINE* 16%, sirop de malt de ma\u00efs*, raisins secs* 8%, sirop de riz*, sirop de malt d'ORGE *, NOISETTES* 3%, graines de S\u00c9SAME* 3%, graines de tournesol* 3%, poudre \u00e0 lever (bicarbonate de sodium), sel. * = biologique <br \/><br \/><strong>Allerg\u00e8nes<\/strong>\u00a0<br \/>Peut contenir SEIGLE, AMANDES, NOIX DE MACADAMIA, NOIX.<\/p>","_et_gb_content_width":""},"product_brand":[],"product_cat":[292,1581,295,1585,1586,1584],"product_tag":[1550,1602,1598,1553,1541,1552],"class_list":{"0":"post-617","1":"product","2":"type-product","3":"status-publish","4":"has-post-thumbnail","6":"product_cat-avoine","7":"product_cat-biscuits-vegetaliens","8":"product_cat-ble","9":"product_cat-fruits","10":"product_cat-graines","11":"product_cat-noix","12":"product_tag-bio","13":"product_tag-biscuits-marque-de-distributeur-mdd","14":"product_tag-biscuits-marque-de-distributeur","15":"product_tag-sucre-naturellement-avec-du-sirop-de-fruits-et-de-cereales","16":"product_tag-vegan","17":"product_tag-vegetal","19":"first","20":"instock","21":"taxable","22":"shipping-taxable","23":"purchasable","24":"product-type-simple"},"_links":{"self":[{"href":"https:\/\/billysfarm.nl\/fr\/wp-json\/wp\/v2\/product\/617","targetHints":{"allow":["GET"]}}],"collection":[{"href":"https:\/\/billysfarm.nl\/fr\/wp-json\/wp\/v2\/product"}],"about":[{"href":"https:\/\/billysfarm.nl\/fr\/wp-json\/wp\/v2\/types\/product"}],"wp:featuredmedia":[{"embeddable":true,"href":"https:\/\/billysfarm.nl\/fr\/wp-json\/wp\/v2\/media\/618"}],"wp:attachment":[{"href":"https:\/\/billysfarm.nl\/fr\/wp-json\/wp\/v2\/media?parent=617"}],"wp:term":[{"taxonomy":"product_brand","embeddable":true,"href":"https:\/\/billysfarm.nl\/fr\/wp-json\/wp\/v2\/product_brand?post=617"},{"taxonomy":"product_cat","embeddable":true,"href":"https:\/\/billysfarm.nl\/fr\/wp-json\/wp\/v2\/product_cat?post=617"},{"taxonomy":"product_tag","embeddable":true,"href":"https:\/\/billysfarm.nl\/fr\/wp-json\/wp\/v2\/product_tag?post=617"}],"curies":[{"name":"wp","href":"https:\/\/api.w.org\/{rel}","templated":true}]}}