{"id":621,"date":"2021-04-09T11:56:48","date_gmt":"2021-04-09T11:56:48","guid":{"rendered":"https:\/\/billysfarmnieuw.beveiligdeserver.nl\/shop\/bio-biscuits-5-cereales-175g\/"},"modified":"2025-09-03T14:17:40","modified_gmt":"2025-09-03T12:17:40","slug":"bio-biscuits-5-cereales","status":"publish","type":"product","link":"https:\/\/billysfarm.nl\/fr\/shop\/bio-biscuits-5-cereales\/","title":{"rendered":"Bio Biscuits 5-C\u00e9reales 175g"},"content":{"rendered":"<p>[et_pb_section fb_built=\u00a0\u00bb1&Prime; _builder_version=\u00a0\u00bb4.16&Prime; min_height=\u00a0\u00bb987.4px\u00a0\u00bb custom_margin=\u00a0\u00bb-3px|||||\u00a0\u00bb custom_padding=\u00a0\u00bb0px||||false|false\u00a0\u00bb global_colors_info=\u00a0\u00bb{}\u00a0\u00bb][et_pb_row _builder_version=\u00a0\u00bb4.16&Prime; background_size=\u00a0\u00bbinitial\u00a0\u00bb background_position=\u00a0\u00bbtop_left\u00a0\u00bb background_repeat=\u00a0\u00bbrepeat\u00a0\u00bb width=\u00a0\u00bb100%\u00a0\u00bb custom_padding=\u00a0\u00bb0px||0px||false|false\u00a0\u00bb global_colors_info=\u00a0\u00bb{}\u00a0\u00bb][et_pb_column type=\u00a0\u00bb4_4&Prime; _builder_version=\u00a0\u00bb4.16&Prime; custom_padding=\u00a0\u00bb|||\u00a0\u00bb global_colors_info=\u00a0\u00bb{}\u00a0\u00bb custom_padding__hover=\u00a0\u00bb|||\u00a0\u00bb][et_pb_wc_breadcrumb breadcrumb_home_text=\u00a0\u00bbHome\u00a0\u00bb _builder_version=\u00a0\u00bb4.7.4&Prime; min_height=\u00a0\u00bb41px\u00a0\u00bb custom_margin=\u00a0\u00bb||16px|||\u00a0\u00bb custom_padding=\u00a0\u00bb41px|||||\u00a0\u00bb][\/et_pb_wc_breadcrumb][et_pb_wc_cart_notice _builder_version=\u00a0\u00bb4.7.4&Prime; body_font_size=\u00a0\u00bb15px\u00a0\u00bb body_line_height=\u00a0\u00bb1.9em\u00a0\u00bb custom_button=\u00a0\u00bbon\u00a0\u00bb button_text_size=\u00a0\u00bb13px\u00a0\u00bb button_text_color=\u00a0\u00bb#3f3f3f\u00a0\u00bb button_bg_color=\u00a0\u00bb#ffffff\u00a0\u00bb button_custom_margin=\u00a0\u00bb|40px|15px||false|false\u00a0\u00bb min_height=\u00a0\u00bb22px\u00a0\u00bb custom_padding=\u00a0\u00bb15px|15px|0px|15px|false|false\u00a0\u00bb][\/et_pb_wc_cart_notice][\/et_pb_column][\/et_pb_row][et_pb_row column_structure=\u00a0\u00bb1_2,1_2&Prime; _builder_version=\u00a0\u00bb4.16&Prime; background_size=\u00a0\u00bbinitial\u00a0\u00bb background_position=\u00a0\u00bbtop_left\u00a0\u00bb background_repeat=\u00a0\u00bbrepeat\u00a0\u00bb width=\u00a0\u00bb100%\u00a0\u00bb custom_padding=\u00a0\u00bb0px||||false|false\u00a0\u00bb global_colors_info=\u00a0\u00bb{}\u00a0\u00bb][et_pb_column type=\u00a0\u00bb1_2&Prime; _builder_version=\u00a0\u00bb4.16&Prime; custom_padding=\u00a0\u00bb|||10%|false|false\u00a0\u00bb global_colors_info=\u00a0\u00bb{}\u00a0\u00bb custom_padding__hover=\u00a0\u00bb|||\u00a0\u00bb][et_pb_wc_images _builder_version=\u00a0\u00bb4.16&Prime; custom_padding=\u00a0\u00bb|10%|||false|false\u00a0\u00bb global_colors_info=\u00a0\u00bb{}\u00a0\u00bb][\/et_pb_wc_images][\/et_pb_column][et_pb_column type=\u00a0\u00bb1_2&Prime; _builder_version=\u00a0\u00bb4.16&Prime; custom_padding=\u00a0\u00bb|||10%|false|false\u00a0\u00bb global_colors_info=\u00a0\u00bb{}\u00a0\u00bb custom_padding__hover=\u00a0\u00bb|||\u00a0\u00bb][et_pb_wc_title _builder_version=\u00a0\u00bb4.16&Prime; header_level=\u00a0\u00bbh3&Prime; width=\u00a0\u00bb70.8%\u00a0\u00bb custom_margin=\u00a0\u00bb||16px|||\u00a0\u00bb custom_padding=\u00a0\u00bb46px|0px||||\u00a0\u00bb global_colors_info=\u00a0\u00bb{}\u00a0\u00bb][\/et_pb_wc_title][et_pb_wc_price _builder_version=\u00a0\u00bb4.16&Prime; body_font_size=\u00a0\u00bb20px\u00a0\u00bb global_colors_info=\u00a0\u00bb{}\u00a0\u00bb][\/et_pb_wc_price][et_pb_wc_description _builder_version=\u00a0\u00bb4.16&Prime; min_height=\u00a0\u00bb74px\u00a0\u00bb custom_margin=\u00a0\u00bb-8px||15px|||\u00a0\u00bb custom_padding=\u00a0\u00bb0px|84px||||\u00a0\u00bb global_colors_info=\u00a0\u00bb{}\u00a0\u00bb][\/et_pb_wc_description][et_pb_image src=\u00a0\u00bbhttps:\/\/billysfarm.nl\/wp-content\/uploads\/2021\/04\/Bio-Vegan-RSPO.jpg\u00a0\u00bb title_text=\u00a0\u00bbBio-Vegan-RSPO\u00a0\u00bb _builder_version=\u00a0\u00bb4.16&Prime; _module_preset=\u00a0\u00bbdefault\u00a0\u00bb width=\u00a0\u00bb32%\u00a0\u00bb custom_margin=\u00a0\u00bb||20px|||\u00a0\u00bb custom_padding=\u00a0\u00bb||1px|1px||\u00a0\u00bb global_colors_info=\u00a0\u00bb{}\u00a0\u00bb][\/et_pb_image][et_pb_wc_add_to_cart _builder_version=\u00a0\u00bb4.16&Prime; fields_background_color=\u00a0\u00bb#f9f9f9&Prime; fields_text_color=\u00a0\u00bb#000000&Prime; fields_font_size=\u00a0\u00bb13px\u00a0\u00bb custom_button=\u00a0\u00bbon\u00a0\u00bb button_text_color=\u00a0\u00bb#ffffff\u00a0\u00bb button_bg_color=\u00a0\u00bb#f0b800&Prime; width=\u00a0\u00bb100%\u00a0\u00bb min_height=\u00a0\u00bb18px\u00a0\u00bb custom_margin=\u00a0\u00bb-3px|-14px||1px|false|false\u00a0\u00bb custom_padding=\u00a0\u00bb||5px|0px||\u00a0\u00bb global_colors_info=\u00a0\u00bb{}\u00a0\u00bb][\/et_pb_wc_add_to_cart][\/et_pb_column][\/et_pb_row][et_pb_row _builder_version=\u00a0\u00bb4.16&Prime; background_size=\u00a0\u00bbinitial\u00a0\u00bb background_position=\u00a0\u00bbtop_left\u00a0\u00bb background_repeat=\u00a0\u00bbrepeat\u00a0\u00bb width=\u00a0\u00bb100%\u00a0\u00bb custom_padding=\u00a0\u00bb|1px||||\u00a0\u00bb global_colors_info=\u00a0\u00bb{}\u00a0\u00bb][et_pb_column type=\u00a0\u00bb4_4&Prime; _builder_version=\u00a0\u00bb4.16&Prime; background_color=\u00a0\u00bb#f9f9f9&Prime; custom_padding=\u00a0\u00bb|||\u00a0\u00bb global_colors_info=\u00a0\u00bb{}\u00a0\u00bb custom_padding__hover=\u00a0\u00bb|||\u00a0\u00bb][et_pb_wc_tabs active_tab_background_color=\u00a0\u00bb#f9f9f9&Prime; inactive_tab_background_color=\u00a0\u00bb#032b35&Prime; active_tab_text_color=\u00a0\u00bb#000000&Prime; include_tabs=\u00a0\u00bbdescription|additional_information|\u00a0\u00bb _builder_version=\u00a0\u00bb4.16&Prime; tab_text_color=\u00a0\u00bb#ffffff\u00a0\u00bb body_text_align=\u00a0\u00bbleft\u00a0\u00bb body_font_size=\u00a0\u00bb13px\u00a0\u00bb body_line_height=\u00a0\u00bb1.4em\u00a0\u00bb tab_font=\u00a0\u00bbJosefin Sans|||on|||||\u00a0\u00bb tab_font_size=\u00a0\u00bb13px\u00a0\u00bb background_color=\u00a0\u00bbrgba(0,0,0,0)\u00a0\u00bb width=\u00a0\u00bb100%\u00a0\u00bb max_width=\u00a0\u00bb100%\u00a0\u00bb module_alignment=\u00a0\u00bbleft\u00a0\u00bb custom_margin=\u00a0\u00bb0px|10%|0px||false|false\u00a0\u00bb custom_padding=\u00a0\u00bb|10%|20px||false|false\u00a0\u00bb border_width_all=\u00a0\u00bb0px\u00a0\u00bb border_color_all=\u00a0\u00bb#055055&Prime; border_style_right=\u00a0\u00bbsolid\u00a0\u00bb global_colors_info=\u00a0\u00bb{}\u00a0\u00bb body_font_size__hover_enabled=\u00a0\u00bbon|desktop\u00a0\u00bb body_font_size__hover=\u00a0\u00bb13px\u00a0\u00bb] [\/et_pb_wc_tabs][\/et_pb_column][\/et_pb_row][et_pb_row _builder_version=\u00a0\u00bb4.16&Prime; _module_preset=\u00a0\u00bbdefault\u00a0\u00bb global_colors_info=\u00a0\u00bb{}\u00a0\u00bb][et_pb_column type=\u00a0\u00bb4_4&Prime; _builder_version=\u00a0\u00bb4.16&Prime; _module_preset=\u00a0\u00bbdefault\u00a0\u00bb global_colors_info=\u00a0\u00bb{}\u00a0\u00bb][et_pb_wc_related_products _builder_version=\u00a0\u00bb4.16&Prime; _module_preset=\u00a0\u00bbdefault\u00a0\u00bb product_title_font_size=\u00a0\u00bb14px\u00a0\u00bb global_colors_info=\u00a0\u00bb{}\u00a0\u00bb][\/et_pb_wc_related_products][\/et_pb_column][\/et_pb_row][\/et_pb_section]<\/p>\n","protected":false},"excerpt":{"rendered":"<p>Les biscuits 5 c\u00e9r\u00e9ales contiennent beaucoup de c\u00e9r\u00e9ales diff\u00e9rentes comme le quinoa, le sarrasin, l\u2019avoine, le kamut et l\u2019\u00e9peautre. Le biscuit est issu de l\u2019union de 3 autres biscuits traditionnels : les biscuits d\u2019\u00e9peautre, de s\u00e9same et \u00e9peautre et de kamut et cannelle.<\/p>\n","protected":false},"featured_media":9691,"template":"","meta":{"_et_pb_use_builder":"on","_et_pb_old_content":"<p>C\u00e9r\u00e9ales* 59%(farine d'\u00e9peautre(BL\u00c9)compl\u00e8te* 28%, flocons d'AVOINE* 11%, farine d'\u00e9peautre(BL\u00c9)* 9%, farine de kamut\u00ae khorasan(BL\u00c9)compl\u00e8te* 5%, farine de sarasin* 5%, farine de quinoa* 1%), huile de palme* (non-hydrog\u00e9n\u00e9e), sirop de malt de ma\u00efs*, sirop de riz*, sirop d'\u00e9rable*, noix de coco r\u00e2p\u00e9e*, sirop de malt d'ORGE *, poudre \u00e0 lever (bicarbonate de sodium), sel. * = biologique <br \/><br \/><strong>Allerg\u00e8nes<\/strong> <br \/>Peut contenir SEIGLE, AMANDES, NOISETTES, NOIX DE MACADAMIA, NOIX, S\u00c9SAME.<\/p>","_et_gb_content_width":""},"product_brand":[],"product_cat":[289,1581,294],"product_tag":[1550,1602,1598,1553,1541,1552],"class_list":{"0":"post-621","1":"product","2":"type-product","3":"status-publish","4":"has-post-thumbnail","6":"product_cat-autres-cereales","7":"product_cat-biscuits-vegetaliens","8":"product_cat-epeautre","9":"product_tag-bio","10":"product_tag-biscuits-marque-de-distributeur-mdd","11":"product_tag-biscuits-marque-de-distributeur","12":"product_tag-sucre-naturellement-avec-du-sirop-de-fruits-et-de-cereales","13":"product_tag-vegan","14":"product_tag-vegetal","16":"first","17":"instock","18":"taxable","19":"shipping-taxable","20":"purchasable","21":"product-type-simple"},"_links":{"self":[{"href":"https:\/\/billysfarm.nl\/fr\/wp-json\/wp\/v2\/product\/621","targetHints":{"allow":["GET"]}}],"collection":[{"href":"https:\/\/billysfarm.nl\/fr\/wp-json\/wp\/v2\/product"}],"about":[{"href":"https:\/\/billysfarm.nl\/fr\/wp-json\/wp\/v2\/types\/product"}],"wp:featuredmedia":[{"embeddable":true,"href":"https:\/\/billysfarm.nl\/fr\/wp-json\/wp\/v2\/media\/9691"}],"wp:attachment":[{"href":"https:\/\/billysfarm.nl\/fr\/wp-json\/wp\/v2\/media?parent=621"}],"wp:term":[{"taxonomy":"product_brand","embeddable":true,"href":"https:\/\/billysfarm.nl\/fr\/wp-json\/wp\/v2\/product_brand?post=621"},{"taxonomy":"product_cat","embeddable":true,"href":"https:\/\/billysfarm.nl\/fr\/wp-json\/wp\/v2\/product_cat?post=621"},{"taxonomy":"product_tag","embeddable":true,"href":"https:\/\/billysfarm.nl\/fr\/wp-json\/wp\/v2\/product_tag?post=621"}],"curies":[{"name":"wp","href":"https:\/\/api.w.org\/{rel}","templated":true}]}}